{"id":777,"date":"2025-11-06T09:15:12","date_gmt":"2025-11-06T08:15:12","guid":{"rendered":"https:\/\/chevalserein.com\/?page_id=777"},"modified":"2026-03-20T00:24:38","modified_gmt":"2026-03-19T23:24:38","slug":"spectacles-equestres","status":"publish","type":"page","link":"https:\/\/chevalserein.com\/index.php\/spectacles-equestres\/","title":{"rendered":"Calendrier"},"content":{"rendered":"\n<p>Depuis plus de dix ans,&nbsp;<em>La Femme Chaussette<\/em>&nbsp;sillonne la France avec ses chevaux pour offrir des spectacles m\u00ealant po\u00e9sie, th\u00e9\u00e2tre et art \u00e9questre.<br>Des hippodromes aux ch\u00e2teaux, des festivals aux mariages, chaque repr\u00e9sentation a \u00e9t\u00e9 une rencontre unique entre les artistes et le public.<\/p>\n\n\n\n<div class=\"wp-block-media-text is-stacked-on-mobile\"><figure class=\"wp-block-media-text__media\"><img data-recalc-dims=\"1\" loading=\"lazy\" decoding=\"async\" width=\"366\" height=\"430\" src=\"https:\/\/i0.wp.com\/chevalserein.com\/wp-content\/uploads\/2025\/11\/Djazz-vignette-1.png?resize=366%2C430&#038;ssl=1\" alt=\"\" class=\"wp-image-787 size-full\" srcset=\"https:\/\/i0.wp.com\/chevalserein.com\/wp-content\/uploads\/2025\/11\/Djazz-vignette-1.png?w=366&amp;ssl=1 366w, https:\/\/i0.wp.com\/chevalserein.com\/wp-content\/uploads\/2025\/11\/Djazz-vignette-1.png?resize=255%2C300&amp;ssl=1 255w\" sizes=\"auto, (max-width: 366px) 100vw, 366px\" \/><\/figure><div class=\"wp-block-media-text__content\">\n<p><strong>Ils nous ont d\u00e9j\u00e0 accueillis<\/strong> :<\/p>\n\n\n\n<h4 class=\"wp-block-heading\"><strong>2025<\/strong><\/h4>\n\n\n\n<ul class=\"wp-block-list\">\n<li>Festival du bien-\u00eatre animal \u2013 Biganos<\/li>\n\n\n\n<li>Ranch de Bel Air<\/li>\n\n\n\n<li>Centre \u00e9questre Crazy Horse \u2013 Dordogne<\/li>\n\n\n\n<li>Festival&nbsp;<em>Les Troubadours de la Tour<\/em>&nbsp;\u2013 M\u00e9doc<\/li>\n\n\n\n<li>Jeu Grandeur Nature \u2013 Collectif Prisme<\/li>\n\n\n\n<li>Cabaret \u2013 num\u00e9ro de magie par Dany Lary 2 \u00e0 5 dates par semaine.<\/li>\n\n\n\n<li>American Festival \u2013 Marcenais<\/li>\n<\/ul>\n\n\n\n<h4 class=\"wp-block-heading\"><strong>2024<\/strong><\/h4>\n\n\n\n<ul class=\"wp-block-list\">\n<li>Jumping International de Bordeaux<\/li>\n\n\n\n<li>Ch\u00e2teau Prieur\u00e9 Marquet \u2013 plusieurs repr\u00e9sentations<\/li>\n\n\n\n<li>Jeu Grandeur Nature \u2013 Collectif Prisme<\/li>\n\n\n\n<li>F\u00eate du centre \u00e9questre de La R\u00e9ole<\/li>\n\n\n\n<li>Centre \u00e9questre Crazy Horse \u2013 Dordogne<\/li>\n\n\n\n<li>Montpouillan \u2013 spectacle \u00e9questre<\/li>\n\n\n\n<li>Comice agricole \u2013 Dordogne<\/li>\n\n\n\n<li>Spectacle aux \u00e9curies&nbsp;<em>La Femme Chaussette<\/em>&nbsp;\u2013&nbsp;<em>La Fleuriste Artiste<\/em><\/li>\n<\/ul>\n<\/div><\/div>\n\n\n\n<div class=\"wp-block-media-text has-media-on-the-right is-stacked-on-mobile\"><div class=\"wp-block-media-text__content\">\n<p><strong>2023<\/strong><\/p>\n\n\n\n<ul class=\"wp-block-list\">\n<li>Cheval Passion \u2013 Avignon<\/li>\n\n\n\n<li>Festival Equestria \u2013 Tarbes<\/li>\n\n\n\n<li>Festival du Cheval \u2013 Saint-M\u00e9ard-de-Drone<\/li>\n<\/ul>\n\n\n\n<h4 class=\"wp-block-heading\"><strong>2022<\/strong><\/h4>\n\n\n\n<ul class=\"wp-block-list\">\n<li>Audenge \u2013&nbsp;<em>La Fleuriste Artiste<\/em><\/li>\n\n\n\n<li>Phare de l\u2019Eyre \u2013 Biganos<\/li>\n\n\n\n<li>Festi-Cal \u2013 Union Saint Bruno<\/li>\n\n\n\n<li>Lapouyade &amp; Audenge \u2013&nbsp;<em>La Fleuriste Artiste<\/em><\/li>\n\n\n\n<li>Jeu Grandeur Nature \u2013 Collectif Prisme<\/li>\n\n\n\n<li>Spectacle aux \u00e9curies&nbsp;<em>La Femme Chaussette<\/em><\/li>\n<\/ul>\n\n\n\n<h4 class=\"wp-block-heading\"><strong>2021<\/strong><\/h4>\n\n\n\n<ul class=\"wp-block-list\">\n<li>Animation \u00e0 P\u00e9rissac<\/li>\n\n\n\n<li>Festival Confluent d\u2019Art \u2013 Ch\u00e2teau de La Rivi\u00e8re<\/li>\n\n\n\n<li>Ch\u00e2teau de Rouillac<\/li>\n\n\n\n<li><em>Les Amazones et ses \u00e0-c\u00f4t\u00e9s<\/em>&nbsp;\/&nbsp;<em>La Fleuriste Artiste<\/em><\/li>\n\n\n\n<li>Spectacle de No\u00ebl \u2013 \u00e9curie priv\u00e9e, Bergerac<\/li>\n<\/ul>\n\n\n\n<p><strong><\/strong><\/p>\n<\/div><figure class=\"wp-block-media-text__media\"><img data-recalc-dims=\"1\" loading=\"lazy\" decoding=\"async\" width=\"366\" height=\"430\" src=\"https:\/\/i0.wp.com\/chevalserein.com\/wp-content\/uploads\/2025\/11\/Cabre-Vignette-1.png?resize=366%2C430&#038;ssl=1\" alt=\"\" class=\"wp-image-788 size-full\" srcset=\"https:\/\/i0.wp.com\/chevalserein.com\/wp-content\/uploads\/2025\/11\/Cabre-Vignette-1.png?w=366&amp;ssl=1 366w, https:\/\/i0.wp.com\/chevalserein.com\/wp-content\/uploads\/2025\/11\/Cabre-Vignette-1.png?resize=255%2C300&amp;ssl=1 255w\" sizes=\"auto, (max-width: 366px) 100vw, 366px\" \/><\/figure><\/div>\n\n\n\n<div class=\"wp-block-media-text is-stacked-on-mobile\"><figure class=\"wp-block-media-text__media\"><img data-recalc-dims=\"1\" loading=\"lazy\" decoding=\"async\" width=\"366\" height=\"430\" src=\"https:\/\/i0.wp.com\/chevalserein.com\/wp-content\/uploads\/2025\/11\/Reverence-Didi-Vignette.png?resize=366%2C430&#038;ssl=1\" alt=\"\" class=\"wp-image-782 size-full\" srcset=\"https:\/\/i0.wp.com\/chevalserein.com\/wp-content\/uploads\/2025\/11\/Reverence-Didi-Vignette.png?w=366&amp;ssl=1 366w, https:\/\/i0.wp.com\/chevalserein.com\/wp-content\/uploads\/2025\/11\/Reverence-Didi-Vignette.png?resize=255%2C300&amp;ssl=1 255w\" sizes=\"auto, (max-width: 366px) 100vw, 366px\" \/><\/figure><div class=\"wp-block-media-text__content\">\n<p><strong>2020<\/strong><\/p>\n\n\n\n<ul class=\"wp-block-list\">\n<li>Ch\u00e2teau Bastor Lamontagne<\/li>\n\n\n\n<li>Spectacles \u00e0 l\u2019occasion de plusieurs mariages<\/li>\n<\/ul>\n\n\n\n<h4 class=\"wp-block-heading\"><strong>2019 \u2013 2014<\/strong><\/h4>\n\n\n\n<ul class=\"wp-block-list\">\n<li>Jumping International de Bordeaux \u2013&nbsp;<em>Ay amma<\/em>&nbsp;\/&nbsp;<em>Le R\u00eave de Pan<\/em><\/li>\n\n\n\n<li>Festival Equus Novus \u2013 Mons\u00e9gur \u2013&nbsp;<em>La Fleuriste Artiste<\/em><\/li>\n\n\n\n<li>Plage d\u2019Ar\u00e8s \u2013&nbsp;<em>La Fleuriste Artiste<\/em><\/li>\n\n\n\n<li>Festival Equestria \u2013 Tarbes<\/li>\n\n\n\n<li>Domaine de Fantaisie \u2013 M\u00e9rignac \u2013&nbsp;<em>La Fleuriste Artiste<\/em><\/li>\n\n\n\n<li>Domaine de Caubios \u2013 Landiras \u2013 spectacle nocturne<\/li>\n\n\n\n<li>Jumping International de Blaye<\/li>\n\n\n\n<li>Festival Florigraves \u2013 Portets<\/li>\n\n\n\n<li>Saugnac-et-Muret \u2013&nbsp;<em>Le Cercle de Dana<\/em><\/li>\n\n\n\n<li>Gujan-Mestras \u2013 F\u00eate de la Nature<\/li>\n\n\n\n<li>Biganos \u2013 F\u00eate de la Ruralit\u00e9<\/li>\n\n\n\n<li>Andernos-les-Bains \u2013 Salon des Loisirs<\/li>\n\n\n\n<li>Club Med de Pompadour \u2013 saison de spectacle<\/li>\n\n\n\n<li>Village D\u00e9cathlon \u2013 M\u00e9rignac<\/li>\n<\/ul>\n<\/div><\/div>\n\n\n\n<h3 class=\"wp-block-heading\"><strong>Envie de nous programmer ?<\/strong><\/h3>\n\n\n\n<p><em>La Femme Chaussette<\/em>&nbsp;propose des&nbsp;<strong>spectacles \u00e9questres en Gironde et partout en France<\/strong>, alliant art, \u00e9motion et complicit\u00e9 avec les chevaux.<br>Nos cr\u00e9ations s\u2019adaptent \u00e0 tous types d\u2019\u00e9v\u00e9nements :<br><strong>&#8211; Comit\u00e9s des f\u00eates<\/strong>&nbsp;\u2013 pour animer vos journ\u00e9es ou soir\u00e9es de village avec un spectacle original et po\u00e9tique.<br><strong>&#8211; Festivals et \u00e9v\u00e9nements culturels<\/strong>&nbsp;\u2013 des performances \u00e9questres sur mesure, m\u00ealant th\u00e9\u00e2tre, musique et dressage artistique.<br><strong>&#8211; Mariages et \u00e9v\u00e9nements priv\u00e9s<\/strong>&nbsp;\u2013 un instant suspendu, plein de gr\u00e2ce et de sensibilit\u00e9.<br>&#8211; <strong>Comit\u00e9s d\u2019entreprise et soir\u00e9es sp\u00e9ciales<\/strong>&nbsp;\u2013 un moment fort qui surprend et rassemble.<\/p>\n\n\n\n<p>En 2026,&nbsp;<em>La Femme Chaussette<\/em>&nbsp;pr\u00e9sentera&nbsp;<strong>une nouvelle cr\u00e9ation \u00ab\u00a0Le Cirque du Petit Pass\u00e9\u00a0\u00bb sp\u00e9cialement pens\u00e9e pour les festivals et festivals d\u2019art de rue<\/strong>, un&nbsp;<strong>spectacle \u00e9questre itin\u00e9rant<\/strong>&nbsp;m\u00ealant th\u00e9\u00e2tre, \u00e9motion et libert\u00e9.<br>Un format l\u00e9ger et visuel, con\u00e7u pour aller \u00e0 la rencontre du public dans l\u2019espace urbain comme rural.<\/p>\n\n\n\n<div class=\"wp-block-buttons is-content-justification-center is-layout-flex wp-container-core-buttons-is-layout-a89b3969 wp-block-buttons-is-layout-flex\">\n<div class=\"wp-block-button is-style-outline is-style-outline--1\"><a class=\"wp-block-button__link wp-element-button\" href=\"https:\/\/forms.gle\/DT27LvfNJ3rECb716\" style=\"border-radius:0px\" target=\"_blank\" rel=\"noreferrer noopener\">CONTACT<\/a><\/div>\n<\/div>\n\n\n\n<div class=\"wp-block-buttons is-layout-flex wp-block-buttons-is-layout-flex\">\n<div class=\"wp-block-button\"><a class=\"wp-block-button__link wp-element-button\" href=\"https:\/\/chevalserein.com\">Revenir vers l&rsquo;accueil<\/a><\/div>\n<\/div>\n\n\n\n<p><\/p>\n\n\n\n<p><\/p>\n","protected":false},"excerpt":{"rendered":"<p>Depuis plus de dix ans,&nbsp;La Femme Chaussette&nbsp;sillonne la France avec ses chevaux pour offrir des spectacles m\u00ealant po\u00e9sie, th\u00e9\u00e2tre et art \u00e9questre.Des hippodromes aux ch\u00e2teaux, des festivals aux mariages, chaque repr\u00e9sentation a \u00e9t\u00e9 une rencontre unique entre les artistes et le public. Envie de nous programmer ? La Femme Chaussette&nbsp;propose des&nbsp;spectacles \u00e9questres en Gironde et &hellip; <\/p>\n<p class=\"link-more\"><a href=\"https:\/\/chevalserein.com\/index.php\/spectacles-equestres\/\" class=\"more-link\">Lire la suite de<span class=\"screen-reader-text\">\u00ab\u00a0Calendrier\u00a0\u00bb<\/span><\/a><\/p>\n","protected":false},"author":2,"featured_media":0,"parent":0,"menu_order":0,"comment_status":"closed","ping_status":"closed","template":"","meta":{"inspiro_hide_title":false,"footnotes":""},"class_list":["post-777","page","type-page","status-publish","hentry"],"yoast_head":"<!-- This site is optimized with the Yoast SEO plugin v27.4 - https:\/\/yoast.com\/product\/yoast-seo-wordpress\/ -->\n<title>Calendrier - Cheval Serein - La Femme Chaussette<\/title>\n<meta name=\"description\" content=\"Spectacles \u00e9questres en Gironde et partout en France; Cr\u00e9ations po\u00e9tiques et vivantes m\u00ealant th\u00e9\u00e2tre, art \u00e9questre et \u00e9motion.\" \/>\n<meta name=\"robots\" content=\"index, follow, max-snippet:-1, max-image-preview:large, max-video-preview:-1\" \/>\n<link rel=\"canonical\" href=\"https:\/\/chevalserein.com\/index.php\/spectacles-equestres\/\" \/>\n<meta property=\"og:locale\" content=\"fr_FR\" \/>\n<meta property=\"og:type\" content=\"article\" \/>\n<meta property=\"og:title\" content=\"Calendrier - Cheval Serein - La Femme Chaussette\" \/>\n<meta property=\"og:description\" content=\"Spectacles \u00e9questres en Gironde et partout en France; Cr\u00e9ations po\u00e9tiques et vivantes m\u00ealant th\u00e9\u00e2tre, art \u00e9questre et \u00e9motion.\" \/>\n<meta property=\"og:url\" content=\"https:\/\/chevalserein.com\/index.php\/spectacles-equestres\/\" \/>\n<meta property=\"og:site_name\" content=\"Cheval Serein - La Femme Chaussette\" \/>\n<meta property=\"article:modified_time\" content=\"2026-03-19T23:24:38+00:00\" \/>\n<meta property=\"og:image\" content=\"https:\/\/chevalserein.com\/wp-content\/uploads\/2025\/11\/Djazz-vignette-1.png\" \/>\n<meta name=\"twitter:card\" content=\"summary_large_image\" \/>\n<meta name=\"twitter:label1\" content=\"Dur\u00e9e de lecture estim\u00e9e\" \/>\n\t<meta name=\"twitter:data1\" content=\"3 minutes\" \/>\n<script type=\"application\/ld+json\" class=\"yoast-schema-graph\">{\"@context\":\"https:\\\/\\\/schema.org\",\"@graph\":[{\"@type\":\"WebPage\",\"@id\":\"https:\\\/\\\/chevalserein.com\\\/index.php\\\/spectacles-equestres\\\/\",\"url\":\"https:\\\/\\\/chevalserein.com\\\/index.php\\\/spectacles-equestres\\\/\",\"name\":\"Calendrier - Cheval Serein - La Femme Chaussette\",\"isPartOf\":{\"@id\":\"https:\\\/\\\/chevalserein.com\\\/#website\"},\"primaryImageOfPage\":{\"@id\":\"https:\\\/\\\/chevalserein.com\\\/index.php\\\/spectacles-equestres\\\/#primaryimage\"},\"image\":{\"@id\":\"https:\\\/\\\/chevalserein.com\\\/index.php\\\/spectacles-equestres\\\/#primaryimage\"},\"thumbnailUrl\":\"https:\\\/\\\/chevalserein.com\\\/wp-content\\\/uploads\\\/2025\\\/11\\\/Djazz-vignette-1.png\",\"datePublished\":\"2025-11-06T08:15:12+00:00\",\"dateModified\":\"2026-03-19T23:24:38+00:00\",\"description\":\"Spectacles \u00e9questres en Gironde et partout en France; Cr\u00e9ations po\u00e9tiques et vivantes m\u00ealant th\u00e9\u00e2tre, art \u00e9questre et \u00e9motion.\",\"breadcrumb\":{\"@id\":\"https:\\\/\\\/chevalserein.com\\\/index.php\\\/spectacles-equestres\\\/#breadcrumb\"},\"inLanguage\":\"fr-FR\",\"potentialAction\":[{\"@type\":\"ReadAction\",\"target\":[\"https:\\\/\\\/chevalserein.com\\\/index.php\\\/spectacles-equestres\\\/\"]}]},{\"@type\":\"ImageObject\",\"inLanguage\":\"fr-FR\",\"@id\":\"https:\\\/\\\/chevalserein.com\\\/index.php\\\/spectacles-equestres\\\/#primaryimage\",\"url\":\"https:\\\/\\\/i0.wp.com\\\/chevalserein.com\\\/wp-content\\\/uploads\\\/2025\\\/11\\\/Djazz-vignette-1.png?fit=366%2C430&ssl=1\",\"contentUrl\":\"https:\\\/\\\/i0.wp.com\\\/chevalserein.com\\\/wp-content\\\/uploads\\\/2025\\\/11\\\/Djazz-vignette-1.png?fit=366%2C430&ssl=1\",\"width\":366,\"height\":430},{\"@type\":\"BreadcrumbList\",\"@id\":\"https:\\\/\\\/chevalserein.com\\\/index.php\\\/spectacles-equestres\\\/#breadcrumb\",\"itemListElement\":[{\"@type\":\"ListItem\",\"position\":1,\"name\":\"Accueil\",\"item\":\"https:\\\/\\\/chevalserein.com\\\/\"},{\"@type\":\"ListItem\",\"position\":2,\"name\":\"Calendrier\"}]},{\"@type\":\"WebSite\",\"@id\":\"https:\\\/\\\/chevalserein.com\\\/#website\",\"url\":\"https:\\\/\\\/chevalserein.com\\\/\",\"name\":\"CHEVAL SEREIN\",\"description\":\"Concr\u00e9tisez votre r\u00eave \u00e9questre\",\"publisher\":{\"@id\":\"https:\\\/\\\/chevalserein.com\\\/#organization\"},\"potentialAction\":[{\"@type\":\"SearchAction\",\"target\":{\"@type\":\"EntryPoint\",\"urlTemplate\":\"https:\\\/\\\/chevalserein.com\\\/?s={search_term_string}\"},\"query-input\":{\"@type\":\"PropertyValueSpecification\",\"valueRequired\":true,\"valueName\":\"search_term_string\"}}],\"inLanguage\":\"fr-FR\"},{\"@type\":\"Organization\",\"@id\":\"https:\\\/\\\/chevalserein.com\\\/#organization\",\"name\":\"CHEVAL SEREIN\",\"url\":\"https:\\\/\\\/chevalserein.com\\\/\",\"logo\":{\"@type\":\"ImageObject\",\"inLanguage\":\"fr-FR\",\"@id\":\"https:\\\/\\\/chevalserein.com\\\/#\\\/schema\\\/logo\\\/image\\\/\",\"url\":\"https:\\\/\\\/chevalserein.com\\\/wp-content\\\/uploads\\\/2023\\\/12\\\/chevalserein-logo-sur-blanc_300.png\",\"contentUrl\":\"https:\\\/\\\/chevalserein.com\\\/wp-content\\\/uploads\\\/2023\\\/12\\\/chevalserein-logo-sur-blanc_300.png\",\"width\":300,\"height\":77,\"caption\":\"CHEVAL SEREIN\"},\"image\":{\"@id\":\"https:\\\/\\\/chevalserein.com\\\/#\\\/schema\\\/logo\\\/image\\\/\"}}]}<\/script>\n<!-- \/ Yoast SEO plugin. -->","yoast_head_json":{"title":"Calendrier - Cheval Serein - La Femme Chaussette","description":"Spectacles \u00e9questres en Gironde et partout en France; Cr\u00e9ations po\u00e9tiques et vivantes m\u00ealant th\u00e9\u00e2tre, art \u00e9questre et \u00e9motion.","robots":{"index":"index","follow":"follow","max-snippet":"max-snippet:-1","max-image-preview":"max-image-preview:large","max-video-preview":"max-video-preview:-1"},"canonical":"https:\/\/chevalserein.com\/index.php\/spectacles-equestres\/","og_locale":"fr_FR","og_type":"article","og_title":"Calendrier - Cheval Serein - La Femme Chaussette","og_description":"Spectacles \u00e9questres en Gironde et partout en France; Cr\u00e9ations po\u00e9tiques et vivantes m\u00ealant th\u00e9\u00e2tre, art \u00e9questre et \u00e9motion.","og_url":"https:\/\/chevalserein.com\/index.php\/spectacles-equestres\/","og_site_name":"Cheval Serein - La Femme Chaussette","article_modified_time":"2026-03-19T23:24:38+00:00","og_image":[{"url":"https:\/\/chevalserein.com\/wp-content\/uploads\/2025\/11\/Djazz-vignette-1.png","type":"","width":"","height":""}],"twitter_card":"summary_large_image","twitter_misc":{"Dur\u00e9e de lecture estim\u00e9e":"3 minutes"},"schema":{"@context":"https:\/\/schema.org","@graph":[{"@type":"WebPage","@id":"https:\/\/chevalserein.com\/index.php\/spectacles-equestres\/","url":"https:\/\/chevalserein.com\/index.php\/spectacles-equestres\/","name":"Calendrier - Cheval Serein - La Femme Chaussette","isPartOf":{"@id":"https:\/\/chevalserein.com\/#website"},"primaryImageOfPage":{"@id":"https:\/\/chevalserein.com\/index.php\/spectacles-equestres\/#primaryimage"},"image":{"@id":"https:\/\/chevalserein.com\/index.php\/spectacles-equestres\/#primaryimage"},"thumbnailUrl":"https:\/\/chevalserein.com\/wp-content\/uploads\/2025\/11\/Djazz-vignette-1.png","datePublished":"2025-11-06T08:15:12+00:00","dateModified":"2026-03-19T23:24:38+00:00","description":"Spectacles \u00e9questres en Gironde et partout en France; Cr\u00e9ations po\u00e9tiques et vivantes m\u00ealant th\u00e9\u00e2tre, art \u00e9questre et \u00e9motion.","breadcrumb":{"@id":"https:\/\/chevalserein.com\/index.php\/spectacles-equestres\/#breadcrumb"},"inLanguage":"fr-FR","potentialAction":[{"@type":"ReadAction","target":["https:\/\/chevalserein.com\/index.php\/spectacles-equestres\/"]}]},{"@type":"ImageObject","inLanguage":"fr-FR","@id":"https:\/\/chevalserein.com\/index.php\/spectacles-equestres\/#primaryimage","url":"https:\/\/i0.wp.com\/chevalserein.com\/wp-content\/uploads\/2025\/11\/Djazz-vignette-1.png?fit=366%2C430&ssl=1","contentUrl":"https:\/\/i0.wp.com\/chevalserein.com\/wp-content\/uploads\/2025\/11\/Djazz-vignette-1.png?fit=366%2C430&ssl=1","width":366,"height":430},{"@type":"BreadcrumbList","@id":"https:\/\/chevalserein.com\/index.php\/spectacles-equestres\/#breadcrumb","itemListElement":[{"@type":"ListItem","position":1,"name":"Accueil","item":"https:\/\/chevalserein.com\/"},{"@type":"ListItem","position":2,"name":"Calendrier"}]},{"@type":"WebSite","@id":"https:\/\/chevalserein.com\/#website","url":"https:\/\/chevalserein.com\/","name":"CHEVAL SEREIN","description":"Concr\u00e9tisez votre r\u00eave \u00e9questre","publisher":{"@id":"https:\/\/chevalserein.com\/#organization"},"potentialAction":[{"@type":"SearchAction","target":{"@type":"EntryPoint","urlTemplate":"https:\/\/chevalserein.com\/?s={search_term_string}"},"query-input":{"@type":"PropertyValueSpecification","valueRequired":true,"valueName":"search_term_string"}}],"inLanguage":"fr-FR"},{"@type":"Organization","@id":"https:\/\/chevalserein.com\/#organization","name":"CHEVAL SEREIN","url":"https:\/\/chevalserein.com\/","logo":{"@type":"ImageObject","inLanguage":"fr-FR","@id":"https:\/\/chevalserein.com\/#\/schema\/logo\/image\/","url":"https:\/\/chevalserein.com\/wp-content\/uploads\/2023\/12\/chevalserein-logo-sur-blanc_300.png","contentUrl":"https:\/\/chevalserein.com\/wp-content\/uploads\/2023\/12\/chevalserein-logo-sur-blanc_300.png","width":300,"height":77,"caption":"CHEVAL SEREIN"},"image":{"@id":"https:\/\/chevalserein.com\/#\/schema\/logo\/image\/"}}]}},"jetpack_sharing_enabled":true,"_links":{"self":[{"href":"https:\/\/chevalserein.com\/index.php\/wp-json\/wp\/v2\/pages\/777","targetHints":{"allow":["GET"]}}],"collection":[{"href":"https:\/\/chevalserein.com\/index.php\/wp-json\/wp\/v2\/pages"}],"about":[{"href":"https:\/\/chevalserein.com\/index.php\/wp-json\/wp\/v2\/types\/page"}],"author":[{"embeddable":true,"href":"https:\/\/chevalserein.com\/index.php\/wp-json\/wp\/v2\/users\/2"}],"replies":[{"embeddable":true,"href":"https:\/\/chevalserein.com\/index.php\/wp-json\/wp\/v2\/comments?post=777"}],"version-history":[{"count":3,"href":"https:\/\/chevalserein.com\/index.php\/wp-json\/wp\/v2\/pages\/777\/revisions"}],"predecessor-version":[{"id":839,"href":"https:\/\/chevalserein.com\/index.php\/wp-json\/wp\/v2\/pages\/777\/revisions\/839"}],"wp:attachment":[{"href":"https:\/\/chevalserein.com\/index.php\/wp-json\/wp\/v2\/media?parent=777"}],"curies":[{"name":"wp","href":"https:\/\/api.w.org\/{rel}","templated":true}]}}