{"id":534,"date":"2024-10-13T22:30:38","date_gmt":"2024-10-13T20:30:38","guid":{"rendered":"https:\/\/chevalserein.com\/?page_id=534"},"modified":"2025-11-06T09:32:28","modified_gmt":"2025-11-06T08:32:28","slug":"spectacle-equestre","status":"publish","type":"page","link":"https:\/\/chevalserein.com\/index.php\/spectacle-equestre\/","title":{"rendered":"Spectacle \u00e9questre"},"content":{"rendered":"\n<p>Qui est La Femme Chaussette ?<\/p>\n\n\n\n<p><strong>Mathilde Augereau<\/strong>&nbsp;est une femme aux multiples talents ! Enseignante, \u00e9ducatrice de chevaux, et artiste \u00e9questre, elle incarne \u00e9galement la compagnie&nbsp;<em>La Femme Chaussette<\/em> qui pratique du spectacle \u00e9questre. Son parcours unique lui permet de proposer une approche innovante et sensible du spectacle \u00e9questre.<\/p>\n\n\n\n<p>Passionn\u00e9e depuis l\u2019enfance par l\u2019\u00e9quitation, Mathilde a suivi une voie classique en passant ses galops du 1 au 7, mais sa vision du cheval l\u2019a pouss\u00e9e \u00e0 explorer une \u00e9quitation plus intime et respectueuse. Elle cherche \u00e0 cr\u00e9er une relation profonde avec ses chevaux, en se d\u00e9tachant des m\u00e9thodes traditionnelles pour privil\u00e9gier une approche fond\u00e9e sur la complicit\u00e9 et la confiance.<\/p>\n\n\n\n<p><\/p>\n\n\n\n<div class=\"wp-block-columns is-layout-flex wp-container-core-columns-is-layout-28f84493 wp-block-columns-is-layout-flex\">\n<div class=\"wp-block-column is-layout-flow wp-block-column-is-layout-flow\" style=\"flex-basis:100%\">\n<div class=\"wp-block-columns is-layout-flex wp-container-core-columns-is-layout-28f84493 wp-block-columns-is-layout-flex\">\n<div class=\"wp-block-column is-vertically-aligned-top is-layout-flow wp-block-column-is-layout-flow\" style=\"flex-basis:100%\">\n<div class=\"wp-block-columns is-layout-flex wp-container-core-columns-is-layout-28f84493 wp-block-columns-is-layout-flex\">\n<div class=\"wp-block-column is-layout-flow wp-block-column-is-layout-flow\">\n<figure class=\"wp-block-image size-full is-resized\"><img data-recalc-dims=\"1\" loading=\"lazy\" decoding=\"async\" width=\"800\" height=\"500\" src=\"https:\/\/i0.wp.com\/chevalserein.com\/wp-content\/uploads\/2025\/11\/Sans-titre-7.png?resize=800%2C500&#038;ssl=1\" alt=\"\" class=\"wp-image-773\" style=\"width:561px;height:auto\" srcset=\"https:\/\/i0.wp.com\/chevalserein.com\/wp-content\/uploads\/2025\/11\/Sans-titre-7.png?w=800&amp;ssl=1 800w, https:\/\/i0.wp.com\/chevalserein.com\/wp-content\/uploads\/2025\/11\/Sans-titre-7.png?resize=300%2C188&amp;ssl=1 300w\" sizes=\"auto, (max-width: 800px) 100vw, 800px\" \/><\/figure>\n<\/div>\n\n\n\n<div class=\"wp-block-column is-layout-flow wp-block-column-is-layout-flow\">\n<h3 class=\"wp-block-heading\">De la comp\u00e9tition \u00e0 la sc\u00e8ne<\/h3>\n\n\n\n<p>C\u2019est lors de ses d\u00e9buts en spectacle au Club Med de Pompadour, aux c\u00f4t\u00e9s de son premier cheval Vizir, que Mathilde a v\u00e9ritablement d\u00e9couvert sa passion pour la sc\u00e8ne \u00e9questre. Depuis, son amour pour les arts \u00e9questres n\u2019a cess\u00e9 de grandir. Aujourd\u2019hui, elle partage la piste avec ses trois chevaux, ses trois poneys, et son fid\u00e8le Jack Russell, Capuch\u2019. <\/p>\n\n\n\n<figure class=\"wp-block-image aligncenter size-full is-resized\"><img data-recalc-dims=\"1\" loading=\"lazy\" decoding=\"async\" width=\"950\" height=\"632\" src=\"https:\/\/i0.wp.com\/chevalserein.com\/wp-content\/uploads\/2024\/10\/capuch-LD.jpg?resize=950%2C632&#038;ssl=1\" alt=\"\" class=\"wp-image-545\" style=\"width:271px;height:auto\" srcset=\"https:\/\/i0.wp.com\/chevalserein.com\/wp-content\/uploads\/2024\/10\/capuch-LD.jpg?w=1000&amp;ssl=1 1000w, https:\/\/i0.wp.com\/chevalserein.com\/wp-content\/uploads\/2024\/10\/capuch-LD.jpg?resize=300%2C200&amp;ssl=1 300w\" sizes=\"auto, (max-width: 950px) 100vw, 950px\" \/><\/figure>\n<\/div>\n<\/div>\n<\/div>\n<\/div>\n<\/div>\n<\/div>\n\n\n\n<h3 class=\"wp-block-heading\"><\/h3>\n\n\n\n<div class=\"wp-block-group alignfull pattern_multiple_covers has-background has-global-padding is-layout-constrained wp-block-group-is-layout-constrained\" id=\"services\" style=\"background-color:#f8f8f8\">\n<hr class=\"wp-block-separator has-alpha-channel-opacity\"\/>\n\n\n\n<div class=\"wp-block-columns is-layout-flex wp-container-core-columns-is-layout-28f84493 wp-block-columns-is-layout-flex\">\n<div class=\"wp-block-column is-layout-flow wp-block-column-is-layout-flow\" style=\"padding-top:0;padding-right:0;padding-bottom:0;padding-left:0\">\n<div class=\"wp-block-cover has-custom-content-position is-position-bottom-left\" style=\"padding-top:var(--wp--preset--spacing--small);padding-right:var(--wp--preset--spacing--x-small);padding-bottom:var(--wp--preset--spacing--small);padding-left:var(--wp--preset--spacing--x-small)\"><img data-recalc-dims=\"1\" loading=\"lazy\" decoding=\"async\" width=\"366\" height=\"430\" class=\"wp-block-cover__image-background wp-image-781 size-full\" alt=\"\" src=\"https:\/\/i0.wp.com\/chevalserein.com\/wp-content\/uploads\/2025\/11\/Cabre-Vignette.png?resize=366%2C430&#038;ssl=1\" data-object-fit=\"cover\" srcset=\"https:\/\/i0.wp.com\/chevalserein.com\/wp-content\/uploads\/2025\/11\/Cabre-Vignette.png?w=366&amp;ssl=1 366w, https:\/\/i0.wp.com\/chevalserein.com\/wp-content\/uploads\/2025\/11\/Cabre-Vignette.png?resize=255%2C300&amp;ssl=1 255w\" sizes=\"auto, (max-width: 366px) 100vw, 366px\" \/><span aria-hidden=\"true\" class=\"wp-block-cover__background has-primary-background-color has-background-dim-70 has-background-dim\"><\/span><div class=\"wp-block-cover__inner-container is-layout-flow wp-block-cover-is-layout-flow\">\n<h3 class=\"wp-block-heading has-white-color has-text-color has-medium-font-size\" style=\"margin-top:0;margin-right:0;margin-bottom:0;margin-left:0\"><a href=\"https:\/\/chevalserein.com\/index.php\/nos-numeros-spectacles\/\"><mark style=\"background-color:rgba(0, 0, 0, 0)\" class=\"has-inline-color has-white-color\">Nos spectacles<\/mark><\/a><\/h3>\n\n\n\n<p class=\"has-secondary-color has-text-color has-link-color wp-elements-57616671efb75bc095170c082a1a22d4\" style=\"margin-top:0;margin-right:0;margin-bottom:0;margin-left:0\"><a href=\"#\">En savoir plus \u2192<\/a><\/p>\n<\/div><\/div>\n<\/div>\n\n\n\n<div class=\"wp-block-column is-layout-flow wp-block-column-is-layout-flow\" style=\"padding-top:0;padding-right:0;padding-bottom:0;padding-left:0\">\n<div class=\"wp-block-cover has-custom-content-position is-position-bottom-left\" style=\"padding-top:var(--wp--preset--spacing--small);padding-right:var(--wp--preset--spacing--x-small);padding-bottom:var(--wp--preset--spacing--small);padding-left:var(--wp--preset--spacing--x-small)\"><img data-recalc-dims=\"1\" loading=\"lazy\" decoding=\"async\" width=\"366\" height=\"430\" class=\"wp-block-cover__image-background wp-image-782 size-full\" alt=\"\" src=\"https:\/\/i0.wp.com\/chevalserein.com\/wp-content\/uploads\/2025\/11\/Reverence-Didi-Vignette.png?resize=366%2C430&#038;ssl=1\" data-object-fit=\"cover\" srcset=\"https:\/\/i0.wp.com\/chevalserein.com\/wp-content\/uploads\/2025\/11\/Reverence-Didi-Vignette.png?w=366&amp;ssl=1 366w, https:\/\/i0.wp.com\/chevalserein.com\/wp-content\/uploads\/2025\/11\/Reverence-Didi-Vignette.png?resize=255%2C300&amp;ssl=1 255w\" sizes=\"auto, (max-width: 366px) 100vw, 366px\" \/><span aria-hidden=\"true\" class=\"wp-block-cover__background has-primary-background-color has-background-dim-70 has-background-dim\"><\/span><div class=\"wp-block-cover__inner-container is-layout-flow wp-block-cover-is-layout-flow\">\n<h3 class=\"wp-block-heading has-white-color has-text-color has-medium-font-size\" style=\"margin-top:0;margin-right:0;margin-bottom:0;margin-left:0\"><mark style=\"background-color:rgba(0, 0, 0, 0)\" class=\"has-inline-color has-white-color\">Galerie photos (page \u00e0 venir)<\/mark><\/h3>\n\n\n\n<p class=\"has-secondary-color has-text-color has-link-color wp-elements-755d2f468ac4eb52d6e1de64ff154e13\" style=\"margin-top:0;margin-right:0;margin-bottom:0;margin-left:0\"><a href=\"#\"><\/a><a href=\"#\">En savoir plus<\/a> \u2192<\/p>\n<\/div><\/div>\n<\/div>\n\n\n\n<div class=\"wp-block-column is-layout-flow wp-block-column-is-layout-flow\" style=\"padding-top:0;padding-right:0;padding-bottom:0;padding-left:0\">\n<div class=\"wp-block-cover has-custom-content-position is-position-bottom-left\" style=\"padding-top:var(--wp--preset--spacing--small);padding-right:var(--wp--preset--spacing--x-small);padding-bottom:var(--wp--preset--spacing--small);padding-left:var(--wp--preset--spacing--x-small)\"><img data-recalc-dims=\"1\" loading=\"lazy\" decoding=\"async\" width=\"366\" height=\"430\" class=\"wp-block-cover__image-background wp-image-783 size-full\" alt=\"\" src=\"https:\/\/i0.wp.com\/chevalserein.com\/wp-content\/uploads\/2025\/11\/Djazz-vignette.png?resize=366%2C430&#038;ssl=1\" data-object-fit=\"cover\" srcset=\"https:\/\/i0.wp.com\/chevalserein.com\/wp-content\/uploads\/2025\/11\/Djazz-vignette.png?w=366&amp;ssl=1 366w, https:\/\/i0.wp.com\/chevalserein.com\/wp-content\/uploads\/2025\/11\/Djazz-vignette.png?resize=255%2C300&amp;ssl=1 255w\" sizes=\"auto, (max-width: 366px) 100vw, 366px\" \/><span aria-hidden=\"true\" class=\"wp-block-cover__background has-primary-background-color has-background-dim-70 has-background-dim\"><\/span><div class=\"wp-block-cover__inner-container is-layout-flow wp-block-cover-is-layout-flow\">\n<h3 class=\"wp-block-heading has-white-color has-text-color has-medium-font-size\" style=\"margin-top:0;margin-right:0;margin-bottom:0;margin-left:0\"><a href=\"https:\/\/chevalserein.com\/index.php\/spectacles-equestres\/\"><mark style=\"background-color:rgba(0, 0, 0, 0)\" class=\"has-inline-color has-white-color\">Calendrier<\/mark><\/a><\/h3>\n\n\n\n<p class=\"has-secondary-color has-text-color has-link-color wp-elements-8392e926af1ef8ffa1961bea2d2181ba\" style=\"margin-top:0;margin-right:0;margin-bottom:0;margin-left:0\"><a href=\"https:\/\/chevalserein.com\/index.php\/spectacle-equestre\/\">En savoir plus \u2192<\/a><\/p>\n<\/div><\/div>\n<\/div>\n<\/div>\n\n\n\n<div style=\"height:17px\" aria-hidden=\"true\" class=\"wp-block-spacer\"><\/div>\n<\/div>\n\n\n\n<div class=\"wp-block-buttons is-content-justification-center is-layout-flex wp-container-core-buttons-is-layout-a89b3969 wp-block-buttons-is-layout-flex\">\n<div class=\"wp-block-button is-style-outline is-style-outline--1\"><a class=\"wp-block-button__link wp-element-button\" href=\"https:\/\/forms.gle\/pdM79UeetYNoeRqZ8\" style=\"border-radius:0px\">Prise de contact<\/a><\/div>\n<\/div>\n\n\n\n<h3 class=\"wp-block-heading\">Spectacle \u00e9questre oui, mais bien-\u00eatre des chevaux avant tout !<\/h3>\n\n\n\n<p>Mathilde veille scrupuleusement au bien-\u00eatre de ses compagnons. Chaque cheval et poney b\u00e9n\u00e9ficie donc de conditions de vie optimales. Ils ont acc\u00e8s \u00e0 du foin \u00e0 volont\u00e9 sous filet, assurant un apport de fibres constant. Les zones stabilis\u00e9es \u00e9vitent la boue en hiver, et ils disposent d\u2019abris pour se prot\u00e9ger. Des soins r\u00e9guliers comme la dentisterie, l&rsquo;ost\u00e9opathie et le Shiatsu leur sont prodigu\u00e9s.<\/p>\n\n\n\n<p>L&rsquo;entra\u00eenement physique est rigoureux, mais adapt\u00e9 \u00e0 leurs capacit\u00e9s mentales et physiques. Cela leur permet de briller sur sc\u00e8ne tout en restant en parfaite sant\u00e9. Le spectacle est une finalit\u00e9, mais le respect de l\u2019animal tout au long du chemin est essentiel.<\/p>\n\n\n\n<h3 class=\"wp-block-heading\">Une exp\u00e9rience pour tous<\/h3>\n\n\n\n<p>Les spectacles de Mathilde ana La Femme Chaussette sont con\u00e7us pour captiver un large public, offrant ainsi une exp\u00e9rience inoubliable pour petits et grands. Que ce soit \u00e0 travers des num\u00e9ros empreints de po\u00e9sie et d&rsquo;histoires ou des d\u00e9monstrations en libert\u00e9, Mathilde parvient \u00e0 toucher le c\u0153ur de tous. Ses poneys et son chien apportent, quant \u00e0 eux, des moments d\u2019humour qui enchantent et \u00e9merveillent \u00e0 la fois les enfants et les adultes.<\/p>\n\n\n\n<p>\ud83c\udfa0\u00a0<strong>Les num\u00e9ros courts<\/strong>\u00a0(6 \u00e0 12 minutes) des performances techniques et visuelles m\u00ealant travail en libert\u00e9, dressage \u00e0 pied ou mont\u00e9. Ces num\u00e9ros sont chor\u00e9graphi\u00e9s sur musique, sans partie th\u00e9\u00e2trale, et s\u2019int\u00e8grent facilement dans tout type d\u2019\u00e9v\u00e9nement.<\/p>\n\n\n\n<p>\ud83c\udfad\u00a0<strong>Les spectacles longs<\/strong>\u00a0(30 \u00e0 50 minutes) de v\u00e9ritables cr\u00e9ations sc\u00e9niques o\u00f9 com\u00e9diens et animaux \u00e9voluent autour d\u2019une histoire th\u00e9\u00e2tralis\u00e9e. La mise en sc\u00e8ne, la musique et le jeu d\u2019acteur s\u2019entrem\u00ealent pour donner vie \u00e0 un univers po\u00e9tique, tout en mettant en valeur diff\u00e9rentes disciplines \u00e9questres.<\/p>\n\n\n\n<p><\/p>\n\n\n\n<div class=\"wp-block-media-text is-stacked-on-mobile\"><figure class=\"wp-block-media-text__media\"><img data-recalc-dims=\"1\" loading=\"lazy\" decoding=\"async\" width=\"500\" height=\"800\" src=\"https:\/\/i0.wp.com\/chevalserein.com\/wp-content\/uploads\/2025\/01\/Grai-zellino.png?resize=500%2C800&#038;ssl=1\" alt=\"\" class=\"wp-image-634 size-full\" srcset=\"https:\/\/i0.wp.com\/chevalserein.com\/wp-content\/uploads\/2025\/01\/Grai-zellino.png?w=500&amp;ssl=1 500w, https:\/\/i0.wp.com\/chevalserein.com\/wp-content\/uploads\/2025\/01\/Grai-zellino.png?resize=188%2C300&amp;ssl=1 188w\" sizes=\"auto, (max-width: 500px) 100vw, 500px\" \/><\/figure><div class=\"wp-block-media-text__content\">\n<h2 class=\"wp-block-heading\">R\u00e9servez votre spectacle<\/h2>\n\n\n\n<p><span style=\"font-family: -webkit-standard; font-size: medium; white-space: normal;\">Vous souhaitez apporter une touche unique et m\u00e9morable \u00e0 votre \u00e9v\u00e9nement ? Que ce soit pour un festival, un mariage, une f\u00eate de village ou encore un comit\u00e9 d\u2019entreprise, La Femme Chaussette propose des spectacles adapt\u00e9s \u00e0 toutes les occasions. Avec des formats vari\u00e9s allant de 5 \u00e0 50 minutes, chaque prestation est personnalis\u00e9e selon vos besoins. Nous travaillons en \u00e9troite collaboration avec nos clients pour cr\u00e9er une exp\u00e9rience sur mesure, parfaitement adapt\u00e9e \u00e0 vos attentes et \u00e0 votre public. N\u2019attendez plus, contactez-nous d\u00e8s maintenant pour discuter des d\u00e9tails et r\u00e9server votre date id\u00e9ale !<\/span><\/p>\n\n\n\n<p><\/p>\n<\/div><\/div>\n\n\n\n<h3 class=\"wp-block-heading\"><\/h3>\n\n\n\n<div class=\"wp-block-buttons is-content-justification-center is-layout-flex wp-container-core-buttons-is-layout-a89b3969 wp-block-buttons-is-layout-flex\">\n<div class=\"wp-block-button is-style-outline is-style-outline--2\"><a class=\"wp-block-button__link wp-element-button\" href=\"https:\/\/docs.google.com\/forms\/d\/e\/1FAIpQLSfetntr-SKP50dfEC5cbKGa-UPpg186Q_p0D3LDypLbbNK0Pw\/viewform\" style=\"border-radius:0px\" target=\"_blank\" rel=\"noreferrer noopener\">CONTACT<\/a><\/div>\n<\/div>\n\n\n\n<div class=\"wp-block-buttons is-layout-flex wp-block-buttons-is-layout-flex\">\n<div class=\"wp-block-button\"><a class=\"wp-block-button__link wp-element-button\" href=\"https:\/\/chevalserein.com\">Revenir vers l&rsquo;accueil<\/a><\/div>\n<\/div>\n\n\n\n<p><\/p>\n\n\n\n<p><\/p>\n","protected":false},"excerpt":{"rendered":"<p>Qui est La Femme Chaussette ? Mathilde Augereau&nbsp;est une femme aux multiples talents ! Enseignante, \u00e9ducatrice de chevaux, et artiste \u00e9questre, elle incarne \u00e9galement la compagnie&nbsp;La Femme Chaussette qui pratique du spectacle \u00e9questre. Son parcours unique lui permet de proposer une approche innovante et sensible du spectacle \u00e9questre. Passionn\u00e9e depuis l\u2019enfance par l\u2019\u00e9quitation, Mathilde a &hellip; <\/p>\n<p class=\"link-more\"><a href=\"https:\/\/chevalserein.com\/index.php\/spectacle-equestre\/\" class=\"more-link\">Lire la suite de<span class=\"screen-reader-text\">\u00ab\u00a0Spectacle \u00e9questre\u00a0\u00bb<\/span><\/a><\/p>\n","protected":false},"author":2,"featured_media":0,"parent":0,"menu_order":0,"comment_status":"closed","ping_status":"closed","template":"","meta":{"inspiro_hide_title":false,"footnotes":""},"class_list":["post-534","page","type-page","status-publish","hentry"],"yoast_head":"<!-- This site is optimized with the Yoast SEO plugin v27.4 - https:\/\/yoast.com\/product\/yoast-seo-wordpress\/ -->\n<title>Spectacle \u00e9questre - Cheval Serein - La Femme Chaussette<\/title>\n<meta name=\"description\" content=\"Vous chercher un spectacle \u00e9questre pour votre \u00e9v\u00e9nement ? D\u00e9couvrez l&#039;univers de la compagnie La Femme Chaussette.\" \/>\n<meta name=\"robots\" content=\"index, follow, max-snippet:-1, max-image-preview:large, max-video-preview:-1\" \/>\n<link rel=\"canonical\" href=\"https:\/\/chevalserein.com\/index.php\/spectacle-equestre\/\" \/>\n<meta property=\"og:locale\" content=\"fr_FR\" \/>\n<meta property=\"og:type\" content=\"article\" \/>\n<meta property=\"og:title\" content=\"Spectacle \u00e9questre - Cheval Serein - La Femme Chaussette\" \/>\n<meta property=\"og:description\" content=\"Vous chercher un spectacle \u00e9questre pour votre \u00e9v\u00e9nement ? D\u00e9couvrez l&#039;univers de la compagnie La Femme Chaussette.\" \/>\n<meta property=\"og:url\" content=\"https:\/\/chevalserein.com\/index.php\/spectacle-equestre\/\" \/>\n<meta property=\"og:site_name\" content=\"Cheval Serein - La Femme Chaussette\" \/>\n<meta property=\"article:modified_time\" content=\"2025-11-06T08:32:28+00:00\" \/>\n<meta property=\"og:image\" content=\"https:\/\/chevalserein.com\/wp-content\/uploads\/2025\/11\/Sans-titre-7.png\" \/>\n<meta name=\"twitter:card\" content=\"summary_large_image\" \/>\n<meta name=\"twitter:label1\" content=\"Dur\u00e9e de lecture estim\u00e9e\" \/>\n\t<meta name=\"twitter:data1\" content=\"5 minutes\" \/>\n<script type=\"application\/ld+json\" class=\"yoast-schema-graph\">{\"@context\":\"https:\\\/\\\/schema.org\",\"@graph\":[{\"@type\":\"WebPage\",\"@id\":\"https:\\\/\\\/chevalserein.com\\\/index.php\\\/spectacle-equestre\\\/\",\"url\":\"https:\\\/\\\/chevalserein.com\\\/index.php\\\/spectacle-equestre\\\/\",\"name\":\"Spectacle \u00e9questre - Cheval Serein - La Femme Chaussette\",\"isPartOf\":{\"@id\":\"https:\\\/\\\/chevalserein.com\\\/#website\"},\"primaryImageOfPage\":{\"@id\":\"https:\\\/\\\/chevalserein.com\\\/index.php\\\/spectacle-equestre\\\/#primaryimage\"},\"image\":{\"@id\":\"https:\\\/\\\/chevalserein.com\\\/index.php\\\/spectacle-equestre\\\/#primaryimage\"},\"thumbnailUrl\":\"https:\\\/\\\/chevalserein.com\\\/wp-content\\\/uploads\\\/2025\\\/11\\\/Sans-titre-7.png\",\"datePublished\":\"2024-10-13T20:30:38+00:00\",\"dateModified\":\"2025-11-06T08:32:28+00:00\",\"description\":\"Vous chercher un spectacle \u00e9questre pour votre \u00e9v\u00e9nement ? D\u00e9couvrez l'univers de la compagnie La Femme Chaussette.\",\"breadcrumb\":{\"@id\":\"https:\\\/\\\/chevalserein.com\\\/index.php\\\/spectacle-equestre\\\/#breadcrumb\"},\"inLanguage\":\"fr-FR\",\"potentialAction\":[{\"@type\":\"ReadAction\",\"target\":[\"https:\\\/\\\/chevalserein.com\\\/index.php\\\/spectacle-equestre\\\/\"]}]},{\"@type\":\"ImageObject\",\"inLanguage\":\"fr-FR\",\"@id\":\"https:\\\/\\\/chevalserein.com\\\/index.php\\\/spectacle-equestre\\\/#primaryimage\",\"url\":\"https:\\\/\\\/i0.wp.com\\\/chevalserein.com\\\/wp-content\\\/uploads\\\/2025\\\/11\\\/Sans-titre-7.png?fit=800%2C500&ssl=1\",\"contentUrl\":\"https:\\\/\\\/i0.wp.com\\\/chevalserein.com\\\/wp-content\\\/uploads\\\/2025\\\/11\\\/Sans-titre-7.png?fit=800%2C500&ssl=1\",\"width\":800,\"height\":500},{\"@type\":\"BreadcrumbList\",\"@id\":\"https:\\\/\\\/chevalserein.com\\\/index.php\\\/spectacle-equestre\\\/#breadcrumb\",\"itemListElement\":[{\"@type\":\"ListItem\",\"position\":1,\"name\":\"Accueil\",\"item\":\"https:\\\/\\\/chevalserein.com\\\/\"},{\"@type\":\"ListItem\",\"position\":2,\"name\":\"Spectacle \u00e9questre\"}]},{\"@type\":\"WebSite\",\"@id\":\"https:\\\/\\\/chevalserein.com\\\/#website\",\"url\":\"https:\\\/\\\/chevalserein.com\\\/\",\"name\":\"CHEVAL SEREIN\",\"description\":\"Concr\u00e9tisez votre r\u00eave \u00e9questre\",\"publisher\":{\"@id\":\"https:\\\/\\\/chevalserein.com\\\/#organization\"},\"potentialAction\":[{\"@type\":\"SearchAction\",\"target\":{\"@type\":\"EntryPoint\",\"urlTemplate\":\"https:\\\/\\\/chevalserein.com\\\/?s={search_term_string}\"},\"query-input\":{\"@type\":\"PropertyValueSpecification\",\"valueRequired\":true,\"valueName\":\"search_term_string\"}}],\"inLanguage\":\"fr-FR\"},{\"@type\":\"Organization\",\"@id\":\"https:\\\/\\\/chevalserein.com\\\/#organization\",\"name\":\"CHEVAL SEREIN\",\"url\":\"https:\\\/\\\/chevalserein.com\\\/\",\"logo\":{\"@type\":\"ImageObject\",\"inLanguage\":\"fr-FR\",\"@id\":\"https:\\\/\\\/chevalserein.com\\\/#\\\/schema\\\/logo\\\/image\\\/\",\"url\":\"https:\\\/\\\/chevalserein.com\\\/wp-content\\\/uploads\\\/2023\\\/12\\\/chevalserein-logo-sur-blanc_300.png\",\"contentUrl\":\"https:\\\/\\\/chevalserein.com\\\/wp-content\\\/uploads\\\/2023\\\/12\\\/chevalserein-logo-sur-blanc_300.png\",\"width\":300,\"height\":77,\"caption\":\"CHEVAL SEREIN\"},\"image\":{\"@id\":\"https:\\\/\\\/chevalserein.com\\\/#\\\/schema\\\/logo\\\/image\\\/\"}}]}<\/script>\n<!-- \/ Yoast SEO plugin. -->","yoast_head_json":{"title":"Spectacle \u00e9questre - Cheval Serein - La Femme Chaussette","description":"Vous chercher un spectacle \u00e9questre pour votre \u00e9v\u00e9nement ? D\u00e9couvrez l'univers de la compagnie La Femme Chaussette.","robots":{"index":"index","follow":"follow","max-snippet":"max-snippet:-1","max-image-preview":"max-image-preview:large","max-video-preview":"max-video-preview:-1"},"canonical":"https:\/\/chevalserein.com\/index.php\/spectacle-equestre\/","og_locale":"fr_FR","og_type":"article","og_title":"Spectacle \u00e9questre - Cheval Serein - La Femme Chaussette","og_description":"Vous chercher un spectacle \u00e9questre pour votre \u00e9v\u00e9nement ? D\u00e9couvrez l'univers de la compagnie La Femme Chaussette.","og_url":"https:\/\/chevalserein.com\/index.php\/spectacle-equestre\/","og_site_name":"Cheval Serein - La Femme Chaussette","article_modified_time":"2025-11-06T08:32:28+00:00","og_image":[{"url":"https:\/\/chevalserein.com\/wp-content\/uploads\/2025\/11\/Sans-titre-7.png","type":"","width":"","height":""}],"twitter_card":"summary_large_image","twitter_misc":{"Dur\u00e9e de lecture estim\u00e9e":"5 minutes"},"schema":{"@context":"https:\/\/schema.org","@graph":[{"@type":"WebPage","@id":"https:\/\/chevalserein.com\/index.php\/spectacle-equestre\/","url":"https:\/\/chevalserein.com\/index.php\/spectacle-equestre\/","name":"Spectacle \u00e9questre - Cheval Serein - La Femme Chaussette","isPartOf":{"@id":"https:\/\/chevalserein.com\/#website"},"primaryImageOfPage":{"@id":"https:\/\/chevalserein.com\/index.php\/spectacle-equestre\/#primaryimage"},"image":{"@id":"https:\/\/chevalserein.com\/index.php\/spectacle-equestre\/#primaryimage"},"thumbnailUrl":"https:\/\/chevalserein.com\/wp-content\/uploads\/2025\/11\/Sans-titre-7.png","datePublished":"2024-10-13T20:30:38+00:00","dateModified":"2025-11-06T08:32:28+00:00","description":"Vous chercher un spectacle \u00e9questre pour votre \u00e9v\u00e9nement ? D\u00e9couvrez l'univers de la compagnie La Femme Chaussette.","breadcrumb":{"@id":"https:\/\/chevalserein.com\/index.php\/spectacle-equestre\/#breadcrumb"},"inLanguage":"fr-FR","potentialAction":[{"@type":"ReadAction","target":["https:\/\/chevalserein.com\/index.php\/spectacle-equestre\/"]}]},{"@type":"ImageObject","inLanguage":"fr-FR","@id":"https:\/\/chevalserein.com\/index.php\/spectacle-equestre\/#primaryimage","url":"https:\/\/i0.wp.com\/chevalserein.com\/wp-content\/uploads\/2025\/11\/Sans-titre-7.png?fit=800%2C500&ssl=1","contentUrl":"https:\/\/i0.wp.com\/chevalserein.com\/wp-content\/uploads\/2025\/11\/Sans-titre-7.png?fit=800%2C500&ssl=1","width":800,"height":500},{"@type":"BreadcrumbList","@id":"https:\/\/chevalserein.com\/index.php\/spectacle-equestre\/#breadcrumb","itemListElement":[{"@type":"ListItem","position":1,"name":"Accueil","item":"https:\/\/chevalserein.com\/"},{"@type":"ListItem","position":2,"name":"Spectacle \u00e9questre"}]},{"@type":"WebSite","@id":"https:\/\/chevalserein.com\/#website","url":"https:\/\/chevalserein.com\/","name":"CHEVAL SEREIN","description":"Concr\u00e9tisez votre r\u00eave \u00e9questre","publisher":{"@id":"https:\/\/chevalserein.com\/#organization"},"potentialAction":[{"@type":"SearchAction","target":{"@type":"EntryPoint","urlTemplate":"https:\/\/chevalserein.com\/?s={search_term_string}"},"query-input":{"@type":"PropertyValueSpecification","valueRequired":true,"valueName":"search_term_string"}}],"inLanguage":"fr-FR"},{"@type":"Organization","@id":"https:\/\/chevalserein.com\/#organization","name":"CHEVAL SEREIN","url":"https:\/\/chevalserein.com\/","logo":{"@type":"ImageObject","inLanguage":"fr-FR","@id":"https:\/\/chevalserein.com\/#\/schema\/logo\/image\/","url":"https:\/\/chevalserein.com\/wp-content\/uploads\/2023\/12\/chevalserein-logo-sur-blanc_300.png","contentUrl":"https:\/\/chevalserein.com\/wp-content\/uploads\/2023\/12\/chevalserein-logo-sur-blanc_300.png","width":300,"height":77,"caption":"CHEVAL SEREIN"},"image":{"@id":"https:\/\/chevalserein.com\/#\/schema\/logo\/image\/"}}]}},"jetpack_sharing_enabled":true,"_links":{"self":[{"href":"https:\/\/chevalserein.com\/index.php\/wp-json\/wp\/v2\/pages\/534","targetHints":{"allow":["GET"]}}],"collection":[{"href":"https:\/\/chevalserein.com\/index.php\/wp-json\/wp\/v2\/pages"}],"about":[{"href":"https:\/\/chevalserein.com\/index.php\/wp-json\/wp\/v2\/types\/page"}],"author":[{"embeddable":true,"href":"https:\/\/chevalserein.com\/index.php\/wp-json\/wp\/v2\/users\/2"}],"replies":[{"embeddable":true,"href":"https:\/\/chevalserein.com\/index.php\/wp-json\/wp\/v2\/comments?post=534"}],"version-history":[{"count":21,"href":"https:\/\/chevalserein.com\/index.php\/wp-json\/wp\/v2\/pages\/534\/revisions"}],"predecessor-version":[{"id":798,"href":"https:\/\/chevalserein.com\/index.php\/wp-json\/wp\/v2\/pages\/534\/revisions\/798"}],"wp:attachment":[{"href":"https:\/\/chevalserein.com\/index.php\/wp-json\/wp\/v2\/media?parent=534"}],"curies":[{"name":"wp","href":"https:\/\/api.w.org\/{rel}","templated":true}]}}