{"id":41,"date":"2023-12-26T15:51:34","date_gmt":"2023-12-26T14:51:34","guid":{"rendered":"https:\/\/chevalserein.com\/?page_id=41"},"modified":"2026-03-20T00:27:42","modified_gmt":"2026-03-19T23:27:42","slug":"stage","status":"publish","type":"page","link":"https:\/\/chevalserein.com\/index.php\/stage\/","title":{"rendered":"Formule du stage"},"content":{"rendered":"\n<p>Vous aspirez \u00e0 des progr\u00e8s fulgurants dans votre \u00e9quitation avec un stage ? Vous vous trouvez loin de la r\u00e9gion bordelaise et r\u00eavez de travailler avec Mathilde de Cheval Serein ? Effectivement, la stage est la formule id\u00e9ale pour vous ! <\/p>\n\n\n\n<p><strong>Plusieurs options pour votre stage parfait sont disponibles :<\/strong><\/p>\n\n\n\n<div class=\"wp-block-columns is-layout-flex wp-container-core-columns-is-layout-28f84493 wp-block-columns-is-layout-flex\">\n<div class=\"wp-block-column is-layout-flow wp-block-column-is-layout-flow\">\n<figure class=\"wp-block-image size-full is-resized\"><a href=\"https:\/\/chevalserein.com\/index.php\/stage-100-personnalise\/\"><img data-recalc-dims=\"1\" loading=\"lazy\" decoding=\"async\" width=\"300\" height=\"600\" src=\"https:\/\/i0.wp.com\/chevalserein.com\/wp-content\/uploads\/2024\/01\/12-1.png?resize=300%2C600&#038;ssl=1\" alt=\"\" class=\"wp-image-352\" style=\"width:367px;height:auto\" srcset=\"https:\/\/i0.wp.com\/chevalserein.com\/wp-content\/uploads\/2024\/01\/12-1.png?w=300&amp;ssl=1 300w, https:\/\/i0.wp.com\/chevalserein.com\/wp-content\/uploads\/2024\/01\/12-1.png?resize=150%2C300&amp;ssl=1 150w\" sizes=\"auto, (max-width: 300px) 100vw, 300px\" \/><\/a><\/figure>\n<\/div>\n\n\n\n<div class=\"wp-block-column is-layout-flow wp-block-column-is-layout-flow\">\n<figure class=\"wp-block-image size-full is-resized\"><a href=\"https:\/\/chevalserein.com\/index.php\/le-stage-dans-vos-ecuries-adulte\/\"><img data-recalc-dims=\"1\" loading=\"lazy\" decoding=\"async\" width=\"300\" height=\"600\" src=\"https:\/\/i0.wp.com\/chevalserein.com\/wp-content\/uploads\/2024\/01\/13-1.png?resize=300%2C600&#038;ssl=1\" alt=\"\" class=\"wp-image-353\" style=\"width:367px;height:auto\" srcset=\"https:\/\/i0.wp.com\/chevalserein.com\/wp-content\/uploads\/2024\/01\/13-1.png?w=300&amp;ssl=1 300w, https:\/\/i0.wp.com\/chevalserein.com\/wp-content\/uploads\/2024\/01\/13-1.png?resize=150%2C300&amp;ssl=1 150w\" sizes=\"auto, (max-width: 300px) 100vw, 300px\" \/><\/a><\/figure>\n<\/div>\n\n\n\n<div class=\"wp-block-column is-layout-flow wp-block-column-is-layout-flow\">\n<figure class=\"wp-block-image size-full is-resized\"><img data-recalc-dims=\"1\" loading=\"lazy\" decoding=\"async\" width=\"300\" height=\"600\" src=\"https:\/\/i0.wp.com\/chevalserein.com\/wp-content\/uploads\/2024\/01\/14.png?resize=300%2C600&#038;ssl=1\" alt=\"\" class=\"wp-image-356\" style=\"width:367px;height:auto\" srcset=\"https:\/\/i0.wp.com\/chevalserein.com\/wp-content\/uploads\/2024\/01\/14.png?w=300&amp;ssl=1 300w, https:\/\/i0.wp.com\/chevalserein.com\/wp-content\/uploads\/2024\/01\/14.png?resize=150%2C300&amp;ssl=1 150w\" sizes=\"auto, (max-width: 300px) 100vw, 300px\" \/><\/figure>\n<\/div>\n<\/div>\n\n\n\n<div class=\"wp-block-columns is-layout-flex wp-container-core-columns-is-layout-28f84493 wp-block-columns-is-layout-flex\">\n<div class=\"wp-block-column is-layout-flow wp-block-column-is-layout-flow\"><\/div>\n\n\n\n<div class=\"wp-block-column is-layout-flow wp-block-column-is-layout-flow\"><\/div>\n\n\n\n<div class=\"wp-block-column is-layout-flow wp-block-column-is-layout-flow\"><\/div>\n<\/div>\n\n\n\n<div class=\"wp-block-buttons is-content-justification-center is-layout-flex wp-container-core-buttons-is-layout-a89b3969 wp-block-buttons-is-layout-flex\">\n<div class=\"wp-block-button is-style-outline is-style-outline--1\"><a class=\"wp-block-button__link wp-element-button\" href=\"https:\/\/forms.gle\/DT27LvfNJ3rECb716\" style=\"border-radius:0px\" target=\"_blank\" rel=\"noreferrer noopener\">CONTACT<\/a><\/div>\n<\/div>\n","protected":false},"excerpt":{"rendered":"<p>Vous aspirez \u00e0 des progr\u00e8s fulgurants dans votre \u00e9quitation avec un stage ? Vous vous trouvez loin de la r\u00e9gion bordelaise et r\u00eavez de travailler avec Mathilde de Cheval Serein ? Effectivement, la stage est la formule id\u00e9ale pour vous ! Plusieurs options pour votre stage parfait sont disponibles :<\/p>\n","protected":false},"author":1,"featured_media":0,"parent":0,"menu_order":0,"comment_status":"closed","ping_status":"closed","template":"","meta":{"inspiro_hide_title":false,"footnotes":""},"class_list":["post-41","page","type-page","status-publish","hentry"],"yoast_head":"<!-- This site is optimized with the Yoast SEO plugin v27.4 - https:\/\/yoast.com\/product\/yoast-seo-wordpress\/ -->\n<title>Formule du stage - Cheval Serein - La Femme Chaussette<\/title>\n<meta name=\"description\" content=\"Retrouvez la formule de stage adapt\u00e9e \u00e0 vos envies, besoins ou probl\u00e9matiques. Mathilde sera heureuse de vous accompagner dans vos progr\u00e8s.\" \/>\n<meta name=\"robots\" content=\"index, follow, max-snippet:-1, max-image-preview:large, max-video-preview:-1\" \/>\n<link rel=\"canonical\" href=\"https:\/\/chevalserein.com\/index.php\/stage\/\" \/>\n<meta property=\"og:locale\" content=\"fr_FR\" \/>\n<meta property=\"og:type\" content=\"article\" \/>\n<meta property=\"og:title\" content=\"Formule du stage - Cheval Serein - La Femme Chaussette\" \/>\n<meta property=\"og:description\" content=\"Retrouvez la formule de stage adapt\u00e9e \u00e0 vos envies, besoins ou probl\u00e9matiques. Mathilde sera heureuse de vous accompagner dans vos progr\u00e8s.\" \/>\n<meta property=\"og:url\" content=\"https:\/\/chevalserein.com\/index.php\/stage\/\" \/>\n<meta property=\"og:site_name\" content=\"Cheval Serein - La Femme Chaussette\" \/>\n<meta property=\"article:modified_time\" content=\"2026-03-19T23:27:42+00:00\" \/>\n<meta property=\"og:image\" content=\"https:\/\/chevalserein.com\/wp-content\/uploads\/2024\/01\/12-1.png\" \/>\n<meta name=\"twitter:card\" content=\"summary_large_image\" \/>\n<meta name=\"twitter:label1\" content=\"Dur\u00e9e de lecture estim\u00e9e\" \/>\n\t<meta name=\"twitter:data1\" content=\"1 minute\" \/>\n<script type=\"application\/ld+json\" class=\"yoast-schema-graph\">{\"@context\":\"https:\\\/\\\/schema.org\",\"@graph\":[{\"@type\":\"WebPage\",\"@id\":\"https:\\\/\\\/chevalserein.com\\\/index.php\\\/stage\\\/\",\"url\":\"https:\\\/\\\/chevalserein.com\\\/index.php\\\/stage\\\/\",\"name\":\"Formule du stage - Cheval Serein - La Femme Chaussette\",\"isPartOf\":{\"@id\":\"https:\\\/\\\/chevalserein.com\\\/#website\"},\"primaryImageOfPage\":{\"@id\":\"https:\\\/\\\/chevalserein.com\\\/index.php\\\/stage\\\/#primaryimage\"},\"image\":{\"@id\":\"https:\\\/\\\/chevalserein.com\\\/index.php\\\/stage\\\/#primaryimage\"},\"thumbnailUrl\":\"https:\\\/\\\/chevalserein.com\\\/wp-content\\\/uploads\\\/2024\\\/01\\\/12-1.png\",\"datePublished\":\"2023-12-26T14:51:34+00:00\",\"dateModified\":\"2026-03-19T23:27:42+00:00\",\"description\":\"Retrouvez la formule de stage adapt\u00e9e \u00e0 vos envies, besoins ou probl\u00e9matiques. Mathilde sera heureuse de vous accompagner dans vos progr\u00e8s.\",\"breadcrumb\":{\"@id\":\"https:\\\/\\\/chevalserein.com\\\/index.php\\\/stage\\\/#breadcrumb\"},\"inLanguage\":\"fr-FR\",\"potentialAction\":[{\"@type\":\"ReadAction\",\"target\":[\"https:\\\/\\\/chevalserein.com\\\/index.php\\\/stage\\\/\"]}]},{\"@type\":\"ImageObject\",\"inLanguage\":\"fr-FR\",\"@id\":\"https:\\\/\\\/chevalserein.com\\\/index.php\\\/stage\\\/#primaryimage\",\"url\":\"https:\\\/\\\/i0.wp.com\\\/chevalserein.com\\\/wp-content\\\/uploads\\\/2024\\\/01\\\/12-1.png?fit=300%2C600&ssl=1\",\"contentUrl\":\"https:\\\/\\\/i0.wp.com\\\/chevalserein.com\\\/wp-content\\\/uploads\\\/2024\\\/01\\\/12-1.png?fit=300%2C600&ssl=1\",\"width\":300,\"height\":600},{\"@type\":\"BreadcrumbList\",\"@id\":\"https:\\\/\\\/chevalserein.com\\\/index.php\\\/stage\\\/#breadcrumb\",\"itemListElement\":[{\"@type\":\"ListItem\",\"position\":1,\"name\":\"Accueil\",\"item\":\"https:\\\/\\\/chevalserein.com\\\/\"},{\"@type\":\"ListItem\",\"position\":2,\"name\":\"Formule du stage\"}]},{\"@type\":\"WebSite\",\"@id\":\"https:\\\/\\\/chevalserein.com\\\/#website\",\"url\":\"https:\\\/\\\/chevalserein.com\\\/\",\"name\":\"CHEVAL SEREIN\",\"description\":\"Concr\u00e9tisez votre r\u00eave \u00e9questre\",\"publisher\":{\"@id\":\"https:\\\/\\\/chevalserein.com\\\/#organization\"},\"potentialAction\":[{\"@type\":\"SearchAction\",\"target\":{\"@type\":\"EntryPoint\",\"urlTemplate\":\"https:\\\/\\\/chevalserein.com\\\/?s={search_term_string}\"},\"query-input\":{\"@type\":\"PropertyValueSpecification\",\"valueRequired\":true,\"valueName\":\"search_term_string\"}}],\"inLanguage\":\"fr-FR\"},{\"@type\":\"Organization\",\"@id\":\"https:\\\/\\\/chevalserein.com\\\/#organization\",\"name\":\"CHEVAL SEREIN\",\"url\":\"https:\\\/\\\/chevalserein.com\\\/\",\"logo\":{\"@type\":\"ImageObject\",\"inLanguage\":\"fr-FR\",\"@id\":\"https:\\\/\\\/chevalserein.com\\\/#\\\/schema\\\/logo\\\/image\\\/\",\"url\":\"https:\\\/\\\/chevalserein.com\\\/wp-content\\\/uploads\\\/2023\\\/12\\\/chevalserein-logo-sur-blanc_300.png\",\"contentUrl\":\"https:\\\/\\\/chevalserein.com\\\/wp-content\\\/uploads\\\/2023\\\/12\\\/chevalserein-logo-sur-blanc_300.png\",\"width\":300,\"height\":77,\"caption\":\"CHEVAL SEREIN\"},\"image\":{\"@id\":\"https:\\\/\\\/chevalserein.com\\\/#\\\/schema\\\/logo\\\/image\\\/\"}}]}<\/script>\n<!-- \/ Yoast SEO plugin. -->","yoast_head_json":{"title":"Formule du stage - Cheval Serein - La Femme Chaussette","description":"Retrouvez la formule de stage adapt\u00e9e \u00e0 vos envies, besoins ou probl\u00e9matiques. Mathilde sera heureuse de vous accompagner dans vos progr\u00e8s.","robots":{"index":"index","follow":"follow","max-snippet":"max-snippet:-1","max-image-preview":"max-image-preview:large","max-video-preview":"max-video-preview:-1"},"canonical":"https:\/\/chevalserein.com\/index.php\/stage\/","og_locale":"fr_FR","og_type":"article","og_title":"Formule du stage - Cheval Serein - La Femme Chaussette","og_description":"Retrouvez la formule de stage adapt\u00e9e \u00e0 vos envies, besoins ou probl\u00e9matiques. Mathilde sera heureuse de vous accompagner dans vos progr\u00e8s.","og_url":"https:\/\/chevalserein.com\/index.php\/stage\/","og_site_name":"Cheval Serein - La Femme Chaussette","article_modified_time":"2026-03-19T23:27:42+00:00","og_image":[{"url":"https:\/\/chevalserein.com\/wp-content\/uploads\/2024\/01\/12-1.png","type":"","width":"","height":""}],"twitter_card":"summary_large_image","twitter_misc":{"Dur\u00e9e de lecture estim\u00e9e":"1 minute"},"schema":{"@context":"https:\/\/schema.org","@graph":[{"@type":"WebPage","@id":"https:\/\/chevalserein.com\/index.php\/stage\/","url":"https:\/\/chevalserein.com\/index.php\/stage\/","name":"Formule du stage - Cheval Serein - La Femme Chaussette","isPartOf":{"@id":"https:\/\/chevalserein.com\/#website"},"primaryImageOfPage":{"@id":"https:\/\/chevalserein.com\/index.php\/stage\/#primaryimage"},"image":{"@id":"https:\/\/chevalserein.com\/index.php\/stage\/#primaryimage"},"thumbnailUrl":"https:\/\/chevalserein.com\/wp-content\/uploads\/2024\/01\/12-1.png","datePublished":"2023-12-26T14:51:34+00:00","dateModified":"2026-03-19T23:27:42+00:00","description":"Retrouvez la formule de stage adapt\u00e9e \u00e0 vos envies, besoins ou probl\u00e9matiques. Mathilde sera heureuse de vous accompagner dans vos progr\u00e8s.","breadcrumb":{"@id":"https:\/\/chevalserein.com\/index.php\/stage\/#breadcrumb"},"inLanguage":"fr-FR","potentialAction":[{"@type":"ReadAction","target":["https:\/\/chevalserein.com\/index.php\/stage\/"]}]},{"@type":"ImageObject","inLanguage":"fr-FR","@id":"https:\/\/chevalserein.com\/index.php\/stage\/#primaryimage","url":"https:\/\/i0.wp.com\/chevalserein.com\/wp-content\/uploads\/2024\/01\/12-1.png?fit=300%2C600&ssl=1","contentUrl":"https:\/\/i0.wp.com\/chevalserein.com\/wp-content\/uploads\/2024\/01\/12-1.png?fit=300%2C600&ssl=1","width":300,"height":600},{"@type":"BreadcrumbList","@id":"https:\/\/chevalserein.com\/index.php\/stage\/#breadcrumb","itemListElement":[{"@type":"ListItem","position":1,"name":"Accueil","item":"https:\/\/chevalserein.com\/"},{"@type":"ListItem","position":2,"name":"Formule du stage"}]},{"@type":"WebSite","@id":"https:\/\/chevalserein.com\/#website","url":"https:\/\/chevalserein.com\/","name":"CHEVAL SEREIN","description":"Concr\u00e9tisez votre r\u00eave \u00e9questre","publisher":{"@id":"https:\/\/chevalserein.com\/#organization"},"potentialAction":[{"@type":"SearchAction","target":{"@type":"EntryPoint","urlTemplate":"https:\/\/chevalserein.com\/?s={search_term_string}"},"query-input":{"@type":"PropertyValueSpecification","valueRequired":true,"valueName":"search_term_string"}}],"inLanguage":"fr-FR"},{"@type":"Organization","@id":"https:\/\/chevalserein.com\/#organization","name":"CHEVAL SEREIN","url":"https:\/\/chevalserein.com\/","logo":{"@type":"ImageObject","inLanguage":"fr-FR","@id":"https:\/\/chevalserein.com\/#\/schema\/logo\/image\/","url":"https:\/\/chevalserein.com\/wp-content\/uploads\/2023\/12\/chevalserein-logo-sur-blanc_300.png","contentUrl":"https:\/\/chevalserein.com\/wp-content\/uploads\/2023\/12\/chevalserein-logo-sur-blanc_300.png","width":300,"height":77,"caption":"CHEVAL SEREIN"},"image":{"@id":"https:\/\/chevalserein.com\/#\/schema\/logo\/image\/"}}]}},"jetpack_sharing_enabled":true,"_links":{"self":[{"href":"https:\/\/chevalserein.com\/index.php\/wp-json\/wp\/v2\/pages\/41","targetHints":{"allow":["GET"]}}],"collection":[{"href":"https:\/\/chevalserein.com\/index.php\/wp-json\/wp\/v2\/pages"}],"about":[{"href":"https:\/\/chevalserein.com\/index.php\/wp-json\/wp\/v2\/types\/page"}],"author":[{"embeddable":true,"href":"https:\/\/chevalserein.com\/index.php\/wp-json\/wp\/v2\/users\/1"}],"replies":[{"embeddable":true,"href":"https:\/\/chevalserein.com\/index.php\/wp-json\/wp\/v2\/comments?post=41"}],"version-history":[{"count":15,"href":"https:\/\/chevalserein.com\/index.php\/wp-json\/wp\/v2\/pages\/41\/revisions"}],"predecessor-version":[{"id":844,"href":"https:\/\/chevalserein.com\/index.php\/wp-json\/wp\/v2\/pages\/41\/revisions\/844"}],"wp:attachment":[{"href":"https:\/\/chevalserein.com\/index.php\/wp-json\/wp\/v2\/media?parent=41"}],"curies":[{"name":"wp","href":"https:\/\/api.w.org\/{rel}","templated":true}]}}