{"id":40,"date":"2023-12-26T15:51:34","date_gmt":"2023-12-26T14:51:34","guid":{"rendered":"https:\/\/chevalserein.com\/?page_id=40"},"modified":"2026-03-20T00:26:41","modified_gmt":"2026-03-19T23:26:41","slug":"cours","status":"publish","type":"page","link":"https:\/\/chevalserein.com\/index.php\/cours\/","title":{"rendered":"Cours"},"content":{"rendered":"\n<div class=\"wp-block-media-text is-stacked-on-mobile\" style=\"grid-template-columns:26% auto\"><figure class=\"wp-block-media-text__media\"><img data-recalc-dims=\"1\" loading=\"lazy\" decoding=\"async\" width=\"323\" height=\"430\" src=\"https:\/\/i0.wp.com\/chevalserein.com\/wp-content\/uploads\/2023\/12\/Photo-5-Site-internet-edited.png?resize=323%2C430&#038;ssl=1\" alt=\"\" class=\"wp-image-91 size-full\" srcset=\"https:\/\/i0.wp.com\/chevalserein.com\/wp-content\/uploads\/2023\/12\/Photo-5-Site-internet-edited.png?w=323&amp;ssl=1 323w, https:\/\/i0.wp.com\/chevalserein.com\/wp-content\/uploads\/2023\/12\/Photo-5-Site-internet-edited.png?resize=225%2C300&amp;ssl=1 225w\" sizes=\"auto, (max-width: 323px) 100vw, 323px\" \/><\/figure><div class=\"wp-block-media-text__content\">\n<p class=\"has-text-align-center\"><strong>Cheval Serein<\/strong> propose des cours particuliers. Vous pouvez les organiser \u00e0 domicile dans vos \u00e9curies ou au si\u00e8ge de <strong>Cheval Serein (33240 P\u00e9rissac)<\/strong>. Les cours se d\u00e9roulent avec votre cheval, mais il est \u00e9galement possible de louer un cheval aux \u00e9curies Cheval Serein pour du travail \u00e0 pied (uniquement).<\/p>\n\n\n\n<h2 class=\"wp-block-heading\">Pourquoi du cours particulier ?<\/h2>\n\n\n\n<p>Si vous choisissez des cours particuliers pour b\u00e9n\u00e9ficier d&rsquo;un accompagnement sur-mesure vous progresserez durablement avec votre cheval. Chaque s\u00e9ance a une dur\u00e9e de 45 minutes \u00e0 1 heure. Le ma\u00eetre mot est <strong>l&rsquo;adaptation <\/strong>\u00e0 votre cheval, \u00e0 vous. On \u00e9volue ensemble pour progresser au mieux et aiguiser votre oeil pour aller vers une <strong>recherche d&rsquo;autonomie<\/strong>.<\/p>\n\n\n\n<p>Ces cours peuvent \u00eatre r\u00e9alis\u00e9s lors d&rsquo;un <strong>d\u00e9placement <\/strong>mais \u00e9galement <strong>au sein des \u00e9curies <\/strong>Cheval Serein.<\/p>\n<\/div><\/div>\n\n\n\n<h2 class=\"wp-block-heading\">Les m\u00e9thodes de travail Cheval Serein ?<\/h2>\n\n\n\n<p>La m\u00e9thode ? Une fois de plus, c&rsquo;est l&rsquo;adaptation qui prime ! Chez Cheval Serein, nous d\u00e9fendons les valeurs de <strong>bienveillance, d&rsquo;\u00e9coute et de justesse<\/strong>. L&rsquo;objectif est d&rsquo;offrir au cheval un cadre clair, avec le timing ad\u00e9quat et le moment appropri\u00e9 de rel\u00e2chement. L&rsquo;utilisation du corps et des \u00e9nergies, souvent moins d\u00e9velopp\u00e9e en \u00e9thologie, occupe une place significative chez Cheval Serein notamment dans le travail \u00e0 pied, o\u00f9 ce ressenti rev\u00eat une importance particuli\u00e8re.<\/p>\n\n\n\n<p>Dans ses cours Mathilde vous parlera de gestion de son \u00e9nergie corporelle, de timing, de rel\u00e2chement, de souffle&#8230; Une <strong>approche unique et ludique<\/strong> pour mieux communiquer avec votre cheval.<\/p>\n\n\n\n<div class=\"wp-block-media-text has-media-on-the-right is-stacked-on-mobile\" style=\"grid-template-columns:auto 47%\"><div class=\"wp-block-media-text__content\">\n<h2 class=\"wp-block-heading\">Quelles disciplines sont enseign\u00e9es ?<\/h2>\n\n\n\n<p class=\"has-text-align-center\"><strong>Mathilde Augereau<\/strong>, la fondatrice de Cheval Serein est sp\u00e9cialis\u00e9e en <strong>travail \u00e0 pied<\/strong> de par ses activit\u00e9s de Spectacles \u00c9questres. Elle affectionne particuli\u00e8rement la libert\u00e9, mais a un spectacle plus large puisque elle peut \u00e9galement enseigner les longues r\u00eanes ou encore de l&rsquo;\u00e9quitation de loisir. Depuis 2021, elle d\u00e9veloppe ses connaissances en <strong>dressage<\/strong> tout d&rsquo;abord avec son m\u00e8rens au physique compliqu\u00e9 puis depuis avec Orion, son jeune cheval coup\u00e9 lusitanien. Depuis peu, elle \u00e9volue avec son PRE Diego avec lequel elle partira en concours de dressage l&rsquo;ann\u00e9e prochaine.<\/p>\n\n\n\n<p class=\"has-text-align-center\">Elle continue d&rsquo;ailleurs \u00e0 se former r\u00e9guli\u00e8rement sur la partie mont\u00e9e en prenant des cours avec <strong>deux instructeurs et cavaliers professionnels.<\/strong><\/p>\n\n\n\n<p class=\"has-text-align-center\">Mathilde vous accompagne pour du perfectionnement <strong>mont\u00e9<\/strong> (avec ou sans mors), mais \u00e9galement de<strong> l&rsquo;\u00e9ducation du jeune cheval<\/strong>, ou de la <strong>r\u00e9\u00e9ducation<\/strong>. La philosophie ?<\/p>\n\n\n\n<blockquote class=\"wp-block-quote is-layout-flow wp-block-quote-is-layout-flow\">\n<p>\u00ab\u00a0S&rsquo;adapter \u00e0 vos besoins pour proposer des cours 100 % personnalis\u00e9s. Le but est d&rsquo;aiguiser l&rsquo;oeil de l&rsquo;apprenant pour vous faire gagner en autonomie.\u00a0\u00bb<\/p>\n<cite>Mathilde Augereau<\/cite><\/blockquote>\n<\/div><figure class=\"wp-block-media-text__media\"><img data-recalc-dims=\"1\" loading=\"lazy\" decoding=\"async\" width=\"800\" height=\"500\" src=\"https:\/\/i0.wp.com\/chevalserein.com\/wp-content\/uploads\/2025\/01\/Enseignement_.png?resize=800%2C500&#038;ssl=1\" alt=\"\" class=\"wp-image-622 size-full\" srcset=\"https:\/\/i0.wp.com\/chevalserein.com\/wp-content\/uploads\/2025\/01\/Enseignement_.png?w=800&amp;ssl=1 800w, https:\/\/i0.wp.com\/chevalserein.com\/wp-content\/uploads\/2025\/01\/Enseignement_.png?resize=300%2C188&amp;ssl=1 300w\" sizes=\"auto, (max-width: 800px) 100vw, 800px\" \/><\/figure><\/div>\n\n\n\n<div class=\"wp-block-media-text is-stacked-on-mobile\"><figure class=\"wp-block-media-text__media\"><img data-recalc-dims=\"1\" loading=\"lazy\" decoding=\"async\" width=\"950\" height=\"632\" src=\"https:\/\/i0.wp.com\/chevalserein.com\/wp-content\/uploads\/2023\/12\/DSC_5093.jpg?resize=950%2C632&#038;ssl=1\" alt=\"\" class=\"wp-image-93 size-full\" srcset=\"https:\/\/i0.wp.com\/chevalserein.com\/wp-content\/uploads\/2023\/12\/DSC_5093-scaled.jpg?resize=1024%2C681&amp;ssl=1 1024w, https:\/\/i0.wp.com\/chevalserein.com\/wp-content\/uploads\/2023\/12\/DSC_5093-scaled.jpg?resize=300%2C200&amp;ssl=1 300w, https:\/\/i0.wp.com\/chevalserein.com\/wp-content\/uploads\/2023\/12\/DSC_5093-scaled.jpg?resize=2000%2C1331&amp;ssl=1 2000w, https:\/\/i0.wp.com\/chevalserein.com\/wp-content\/uploads\/2023\/12\/DSC_5093-scaled.jpg?w=1900&amp;ssl=1 1900w\" sizes=\"auto, (max-width: 950px) 100vw, 950px\" \/><\/figure><div class=\"wp-block-media-text__content\">\n<h2 class=\"wp-block-heading\">Quels sont les tarifs ?<\/h2>\n\n\n\n<p><mark style=\"background-color:rgba(0, 0, 0, 0)\" class=\"has-inline-color has-primary-color\"><strong>Tarif \u00e0 la s\u00e9ance<\/strong> :<\/mark> 50 \u20ac<\/p>\n\n\n\n<p><strong>Frais de route :<\/strong> Offerts autour de 10 km autour de P\u00e9rissac (33240) ou 0,55 ct du km.<\/p>\n\n\n\n<p><strong>Au-del\u00e0 de 30 minutes de route<\/strong> &gt; 2 cavaliers<\/p>\n\n\n\n<p><strong>Au-del\u00e0 de 40 minutes de route<\/strong> &gt; 3 cavaliers<\/p>\n\n\n\n<p><strong>Au-del\u00e0 d&rsquo;une heure de route<\/strong> &gt; 5 cavaliers<\/p>\n\n\n\n<p><strong>Au -del\u00e0 d&rsquo;une heure et quart de route, pr\u00e9voir une formule stage.<\/strong><\/p>\n\n\n\n<p>D\u00e9part de P\u00e9rissac (33240)<\/p>\n\n\n\n<p>Demandez votre cours, peut-\u00eatre qu&rsquo;une tourn\u00e9e existe peut-\u00eatre d\u00e9j\u00e0 !<\/p>\n<\/div><\/div>\n\n\n\n<div class=\"wp-block-buttons is-content-justification-center is-layout-flex wp-container-core-buttons-is-layout-a89b3969 wp-block-buttons-is-layout-flex\">\n<div class=\"wp-block-button is-style-outline is-style-outline--1\"><a class=\"wp-block-button__link wp-element-button\" href=\"https:\/\/forms.gle\/DT27LvfNJ3rECb716\" style=\"border-radius:0px\" target=\"_blank\" rel=\"noreferrer noopener\">CONTACT<\/a><\/div>\n<\/div>\n\n\n\n<p><\/p>\n\n\n<p><iframe loading=\"lazy\" src=\"https:\/\/calendar.google.com\/calendar\/embed?height=600&#038;wkst=2&#038;ctz=Europe%2FParis&#038;showPrint=0&#038;title=Planning%20%C3%89curies&#038;src=Y2hldmFsc2VyZWluQGdtYWlsLmNvbQ&#038;color=%23039BE5\" style=\"border:solid 1px #777\" width=\"670\" height=\"600\" frameborder=\"0\" scrolling=\"no\"><\/iframe><\/p>\n\n\n\n<p><\/p>\n","protected":false},"excerpt":{"rendered":"<p>Cheval Serein propose des cours particuliers. Vous pouvez les organiser \u00e0 domicile dans vos \u00e9curies ou au si\u00e8ge de Cheval Serein (33240 P\u00e9rissac). Les cours se d\u00e9roulent avec votre cheval, mais il est \u00e9galement possible de louer un cheval aux \u00e9curies Cheval Serein pour du travail \u00e0 pied (uniquement). Pourquoi du cours particulier ? Si &hellip; <\/p>\n<p class=\"link-more\"><a href=\"https:\/\/chevalserein.com\/index.php\/cours\/\" class=\"more-link\">Lire la suite de<span class=\"screen-reader-text\">\u00ab\u00a0Cours\u00a0\u00bb<\/span><\/a><\/p>\n","protected":false},"author":1,"featured_media":0,"parent":0,"menu_order":0,"comment_status":"closed","ping_status":"closed","template":"","meta":{"inspiro_hide_title":false,"footnotes":""},"class_list":["post-40","page","type-page","status-publish","hentry"],"yoast_head":"<!-- This site is optimized with the Yoast SEO plugin v27.4 - https:\/\/yoast.com\/product\/yoast-seo-wordpress\/ -->\n<title>Cours - Cheval Serein - La Femme Chaussette<\/title>\n<meta name=\"description\" content=\"Les cours r\u00e9guliers permettent une progression sur du long terme. Mathilde se d\u00e9place en r\u00e9gion bordelaise, et en Dordogne &amp; Charentes.\" \/>\n<meta name=\"robots\" content=\"index, follow, max-snippet:-1, max-image-preview:large, max-video-preview:-1\" \/>\n<link rel=\"canonical\" href=\"https:\/\/chevalserein.com\/index.php\/cours\/\" \/>\n<meta property=\"og:locale\" content=\"fr_FR\" \/>\n<meta property=\"og:type\" content=\"article\" \/>\n<meta property=\"og:title\" content=\"Cours - Cheval Serein - La Femme Chaussette\" \/>\n<meta property=\"og:description\" content=\"Les cours r\u00e9guliers permettent une progression sur du long terme. Mathilde se d\u00e9place en r\u00e9gion bordelaise, et en Dordogne &amp; Charentes.\" \/>\n<meta property=\"og:url\" content=\"https:\/\/chevalserein.com\/index.php\/cours\/\" \/>\n<meta property=\"og:site_name\" content=\"Cheval Serein - La Femme Chaussette\" \/>\n<meta property=\"article:modified_time\" content=\"2026-03-19T23:26:41+00:00\" \/>\n<meta property=\"og:image\" content=\"https:\/\/chevalserein.com\/wp-content\/uploads\/2023\/12\/Photo-5-Site-internet-edited.png\" \/>\n<meta name=\"twitter:card\" content=\"summary_large_image\" \/>\n<meta name=\"twitter:label1\" content=\"Dur\u00e9e de lecture estim\u00e9e\" \/>\n\t<meta name=\"twitter:data1\" content=\"3 minutes\" \/>\n<script type=\"application\/ld+json\" class=\"yoast-schema-graph\">{\"@context\":\"https:\\\/\\\/schema.org\",\"@graph\":[{\"@type\":\"WebPage\",\"@id\":\"https:\\\/\\\/chevalserein.com\\\/index.php\\\/cours\\\/\",\"url\":\"https:\\\/\\\/chevalserein.com\\\/index.php\\\/cours\\\/\",\"name\":\"Cours - Cheval Serein - La Femme Chaussette\",\"isPartOf\":{\"@id\":\"https:\\\/\\\/chevalserein.com\\\/#website\"},\"primaryImageOfPage\":{\"@id\":\"https:\\\/\\\/chevalserein.com\\\/index.php\\\/cours\\\/#primaryimage\"},\"image\":{\"@id\":\"https:\\\/\\\/chevalserein.com\\\/index.php\\\/cours\\\/#primaryimage\"},\"thumbnailUrl\":\"https:\\\/\\\/chevalserein.com\\\/wp-content\\\/uploads\\\/2023\\\/12\\\/Photo-5-Site-internet-edited.png\",\"datePublished\":\"2023-12-26T14:51:34+00:00\",\"dateModified\":\"2026-03-19T23:26:41+00:00\",\"description\":\"Les cours r\u00e9guliers permettent une progression sur du long terme. Mathilde se d\u00e9place en r\u00e9gion bordelaise, et en Dordogne & Charentes.\",\"breadcrumb\":{\"@id\":\"https:\\\/\\\/chevalserein.com\\\/index.php\\\/cours\\\/#breadcrumb\"},\"inLanguage\":\"fr-FR\",\"potentialAction\":[{\"@type\":\"ReadAction\",\"target\":[\"https:\\\/\\\/chevalserein.com\\\/index.php\\\/cours\\\/\"]}]},{\"@type\":\"ImageObject\",\"inLanguage\":\"fr-FR\",\"@id\":\"https:\\\/\\\/chevalserein.com\\\/index.php\\\/cours\\\/#primaryimage\",\"url\":\"https:\\\/\\\/i0.wp.com\\\/chevalserein.com\\\/wp-content\\\/uploads\\\/2023\\\/12\\\/Photo-5-Site-internet-edited.png?fit=323%2C430&ssl=1\",\"contentUrl\":\"https:\\\/\\\/i0.wp.com\\\/chevalserein.com\\\/wp-content\\\/uploads\\\/2023\\\/12\\\/Photo-5-Site-internet-edited.png?fit=323%2C430&ssl=1\",\"width\":323,\"height\":430},{\"@type\":\"BreadcrumbList\",\"@id\":\"https:\\\/\\\/chevalserein.com\\\/index.php\\\/cours\\\/#breadcrumb\",\"itemListElement\":[{\"@type\":\"ListItem\",\"position\":1,\"name\":\"Accueil\",\"item\":\"https:\\\/\\\/chevalserein.com\\\/\"},{\"@type\":\"ListItem\",\"position\":2,\"name\":\"Cours\"}]},{\"@type\":\"WebSite\",\"@id\":\"https:\\\/\\\/chevalserein.com\\\/#website\",\"url\":\"https:\\\/\\\/chevalserein.com\\\/\",\"name\":\"CHEVAL SEREIN\",\"description\":\"Concr\u00e9tisez votre r\u00eave \u00e9questre\",\"publisher\":{\"@id\":\"https:\\\/\\\/chevalserein.com\\\/#organization\"},\"potentialAction\":[{\"@type\":\"SearchAction\",\"target\":{\"@type\":\"EntryPoint\",\"urlTemplate\":\"https:\\\/\\\/chevalserein.com\\\/?s={search_term_string}\"},\"query-input\":{\"@type\":\"PropertyValueSpecification\",\"valueRequired\":true,\"valueName\":\"search_term_string\"}}],\"inLanguage\":\"fr-FR\"},{\"@type\":\"Organization\",\"@id\":\"https:\\\/\\\/chevalserein.com\\\/#organization\",\"name\":\"CHEVAL SEREIN\",\"url\":\"https:\\\/\\\/chevalserein.com\\\/\",\"logo\":{\"@type\":\"ImageObject\",\"inLanguage\":\"fr-FR\",\"@id\":\"https:\\\/\\\/chevalserein.com\\\/#\\\/schema\\\/logo\\\/image\\\/\",\"url\":\"https:\\\/\\\/chevalserein.com\\\/wp-content\\\/uploads\\\/2023\\\/12\\\/chevalserein-logo-sur-blanc_300.png\",\"contentUrl\":\"https:\\\/\\\/chevalserein.com\\\/wp-content\\\/uploads\\\/2023\\\/12\\\/chevalserein-logo-sur-blanc_300.png\",\"width\":300,\"height\":77,\"caption\":\"CHEVAL SEREIN\"},\"image\":{\"@id\":\"https:\\\/\\\/chevalserein.com\\\/#\\\/schema\\\/logo\\\/image\\\/\"}}]}<\/script>\n<!-- \/ Yoast SEO plugin. -->","yoast_head_json":{"title":"Cours - Cheval Serein - La Femme Chaussette","description":"Les cours r\u00e9guliers permettent une progression sur du long terme. Mathilde se d\u00e9place en r\u00e9gion bordelaise, et en Dordogne & Charentes.","robots":{"index":"index","follow":"follow","max-snippet":"max-snippet:-1","max-image-preview":"max-image-preview:large","max-video-preview":"max-video-preview:-1"},"canonical":"https:\/\/chevalserein.com\/index.php\/cours\/","og_locale":"fr_FR","og_type":"article","og_title":"Cours - Cheval Serein - La Femme Chaussette","og_description":"Les cours r\u00e9guliers permettent une progression sur du long terme. Mathilde se d\u00e9place en r\u00e9gion bordelaise, et en Dordogne & Charentes.","og_url":"https:\/\/chevalserein.com\/index.php\/cours\/","og_site_name":"Cheval Serein - La Femme Chaussette","article_modified_time":"2026-03-19T23:26:41+00:00","og_image":[{"url":"https:\/\/chevalserein.com\/wp-content\/uploads\/2023\/12\/Photo-5-Site-internet-edited.png","type":"","width":"","height":""}],"twitter_card":"summary_large_image","twitter_misc":{"Dur\u00e9e de lecture estim\u00e9e":"3 minutes"},"schema":{"@context":"https:\/\/schema.org","@graph":[{"@type":"WebPage","@id":"https:\/\/chevalserein.com\/index.php\/cours\/","url":"https:\/\/chevalserein.com\/index.php\/cours\/","name":"Cours - Cheval Serein - La Femme Chaussette","isPartOf":{"@id":"https:\/\/chevalserein.com\/#website"},"primaryImageOfPage":{"@id":"https:\/\/chevalserein.com\/index.php\/cours\/#primaryimage"},"image":{"@id":"https:\/\/chevalserein.com\/index.php\/cours\/#primaryimage"},"thumbnailUrl":"https:\/\/chevalserein.com\/wp-content\/uploads\/2023\/12\/Photo-5-Site-internet-edited.png","datePublished":"2023-12-26T14:51:34+00:00","dateModified":"2026-03-19T23:26:41+00:00","description":"Les cours r\u00e9guliers permettent une progression sur du long terme. Mathilde se d\u00e9place en r\u00e9gion bordelaise, et en Dordogne & Charentes.","breadcrumb":{"@id":"https:\/\/chevalserein.com\/index.php\/cours\/#breadcrumb"},"inLanguage":"fr-FR","potentialAction":[{"@type":"ReadAction","target":["https:\/\/chevalserein.com\/index.php\/cours\/"]}]},{"@type":"ImageObject","inLanguage":"fr-FR","@id":"https:\/\/chevalserein.com\/index.php\/cours\/#primaryimage","url":"https:\/\/i0.wp.com\/chevalserein.com\/wp-content\/uploads\/2023\/12\/Photo-5-Site-internet-edited.png?fit=323%2C430&ssl=1","contentUrl":"https:\/\/i0.wp.com\/chevalserein.com\/wp-content\/uploads\/2023\/12\/Photo-5-Site-internet-edited.png?fit=323%2C430&ssl=1","width":323,"height":430},{"@type":"BreadcrumbList","@id":"https:\/\/chevalserein.com\/index.php\/cours\/#breadcrumb","itemListElement":[{"@type":"ListItem","position":1,"name":"Accueil","item":"https:\/\/chevalserein.com\/"},{"@type":"ListItem","position":2,"name":"Cours"}]},{"@type":"WebSite","@id":"https:\/\/chevalserein.com\/#website","url":"https:\/\/chevalserein.com\/","name":"CHEVAL SEREIN","description":"Concr\u00e9tisez votre r\u00eave \u00e9questre","publisher":{"@id":"https:\/\/chevalserein.com\/#organization"},"potentialAction":[{"@type":"SearchAction","target":{"@type":"EntryPoint","urlTemplate":"https:\/\/chevalserein.com\/?s={search_term_string}"},"query-input":{"@type":"PropertyValueSpecification","valueRequired":true,"valueName":"search_term_string"}}],"inLanguage":"fr-FR"},{"@type":"Organization","@id":"https:\/\/chevalserein.com\/#organization","name":"CHEVAL SEREIN","url":"https:\/\/chevalserein.com\/","logo":{"@type":"ImageObject","inLanguage":"fr-FR","@id":"https:\/\/chevalserein.com\/#\/schema\/logo\/image\/","url":"https:\/\/chevalserein.com\/wp-content\/uploads\/2023\/12\/chevalserein-logo-sur-blanc_300.png","contentUrl":"https:\/\/chevalserein.com\/wp-content\/uploads\/2023\/12\/chevalserein-logo-sur-blanc_300.png","width":300,"height":77,"caption":"CHEVAL SEREIN"},"image":{"@id":"https:\/\/chevalserein.com\/#\/schema\/logo\/image\/"}}]}},"jetpack_sharing_enabled":true,"_links":{"self":[{"href":"https:\/\/chevalserein.com\/index.php\/wp-json\/wp\/v2\/pages\/40","targetHints":{"allow":["GET"]}}],"collection":[{"href":"https:\/\/chevalserein.com\/index.php\/wp-json\/wp\/v2\/pages"}],"about":[{"href":"https:\/\/chevalserein.com\/index.php\/wp-json\/wp\/v2\/types\/page"}],"author":[{"embeddable":true,"href":"https:\/\/chevalserein.com\/index.php\/wp-json\/wp\/v2\/users\/1"}],"replies":[{"embeddable":true,"href":"https:\/\/chevalserein.com\/index.php\/wp-json\/wp\/v2\/comments?post=40"}],"version-history":[{"count":44,"href":"https:\/\/chevalserein.com\/index.php\/wp-json\/wp\/v2\/pages\/40\/revisions"}],"predecessor-version":[{"id":842,"href":"https:\/\/chevalserein.com\/index.php\/wp-json\/wp\/v2\/pages\/40\/revisions\/842"}],"wp:attachment":[{"href":"https:\/\/chevalserein.com\/index.php\/wp-json\/wp\/v2\/media?parent=40"}],"curies":[{"name":"wp","href":"https:\/\/api.w.org\/{rel}","templated":true}]}}