{"id":164,"date":"2024-01-04T23:27:54","date_gmt":"2024-01-04T22:27:54","guid":{"rendered":"https:\/\/chevalserein.com\/?page_id=164"},"modified":"2025-06-20T10:41:42","modified_gmt":"2025-06-20T08:41:42","slug":"pension-reeducation","status":"publish","type":"page","link":"https:\/\/chevalserein.com\/index.php\/pension-reeducation\/","title":{"rendered":"Pension r\u00e9\u00e9ducation"},"content":{"rendered":"\n<p>Que vous soyez cavalier amateur, d\u00e9butant, ou exp\u00e9riment\u00e9, jeune propri\u00e9taire et venant de toutes disciplines, vous pourriez peut-\u00eatre \u00eatre confront\u00e9 \u00e0 certaines probl\u00e9matiques avec votre cheval. En effet; votre cheval peut avoir besoin d&rsquo;une r\u00e9\u00e9ducation r\u00e9alis\u00e9 par un professionnel afin de vivre au mieux ) vos cot\u00e9s. Parfois, c&rsquo;est un cheval r\u00e9tif, pouvant, mordre, attaquer, ou \u00e0 taper qui vous pause probl\u00e8me. Votre cheval vous parait <strong>incontr\u00f4lable<\/strong>, et vous avez besoin d&rsquo;aide pour un futur serein.<\/p>\n\n\n\n<p>Dans ces moments, il est essentiel de b\u00e9n\u00e9ficier de conseils et d&rsquo;un accompagnement adapt\u00e9s pour transformer cette relation en une exp\u00e9rience \u00e9panouissante et s\u00e9curis\u00e9e pour la suite Mathilde est la dans ces moments pour vous accompagner.<\/p>\n\n\n\n<h2 class=\"wp-block-heading\">Avant de confier votre prot\u00e9g\u00e9 \u00e0 Cheval Serein<\/h2>\n\n\n\n<div class=\"wp-block-media-text is-stacked-on-mobile\" style=\"grid-template-columns:52% auto\"><figure class=\"wp-block-media-text__media\"><img data-recalc-dims=\"1\" loading=\"lazy\" decoding=\"async\" width=\"500\" height=\"300\" src=\"https:\/\/i0.wp.com\/chevalserein.com\/wp-content\/uploads\/2024\/01\/A-peur-Diego.png?resize=500%2C300&#038;ssl=1\" alt=\"\" class=\"wp-image-260 size-full\" srcset=\"https:\/\/i0.wp.com\/chevalserein.com\/wp-content\/uploads\/2024\/01\/A-peur-Diego.png?w=500&amp;ssl=1 500w, https:\/\/i0.wp.com\/chevalserein.com\/wp-content\/uploads\/2024\/01\/A-peur-Diego.png?resize=300%2C180&amp;ssl=1 300w\" sizes=\"auto, (max-width: 500px) 100vw, 500px\" \/><\/figure><div class=\"wp-block-media-text__content\">\n<p>Il arrive parfois que certains comportements r\u00e9tifs soient le r\u00e9sultat d&rsquo;une g\u00eane ou d&rsquo;une douleur physique. Afin de v\u00e9rifier que la source de vos probl\u00e8mes ne soit pas physique, il faut donc que votre cheval soir \u00e0 jour de dentisterie, d&rsquo;ost\u00e9opathe, de parage (ou ferrage), ainsi que des vaccinations et des vermifuges \u00e0 jour. Dans certains cas il peut \u00eatre recommand\u00e9 de faire appel \u00e0 un praticien shiatsu ou m\u00eame massage \u00e9quin.<\/p>\n\n\n\n<p><strong>\u00c0 titre d&rsquo;information :<\/strong><\/p>\n\n\n\n<ul class=\"wp-block-list\">\n<li>Tout d&rsquo;abord, le soin dentaire doit d\u00e9buter d\u00e8s l&rsquo;\u00e2ge de deux ans pour votre cheval et reconduit une fois par an.<\/li>\n\n\n\n<li>Ensuite, la venue d&rsquo;un ost\u00e9opathe est toute aussi cruciale apr\u00e8s la visite du dentiste et doit avoir lieu une \u00e0 deux fois par an en fonction du physique du cheval.<\/li>\n\n\n\n<li>Toutefois, n&rsquo;oublions pas l&rsquo;importance du parage ! Il doit de ce fait \u00eatre effectu\u00e9 toutes les 5 \u00e0 8 semaines.<\/li>\n<\/ul>\n<\/div><\/div>\n\n\n\n<h2 class=\"wp-block-heading\">Formules pension r\u00e9\u00e9ducation<\/h2>\n\n\n\n<p>Comme tous les services Cheval Serein, nous veillons \u00e0 apporter <strong>LA<\/strong> formule qui vous correspondra \u00e0 100 %. Cheval Serein c&rsquo;est une formule \u00e0 la carte pour toujours plus d&rsquo;adaptation. C&rsquo;est vous qui choisissez ! <\/p>\n\n\n\n<p>Pension travail au mois \u00e0 partir de 830 \u20ac par mois hors options. Bien entendu, plus votre cheval travail, plus rapidement les probl\u00e8mes seront r\u00e9solus. Des pensions travail sur des courtes dur\u00e9es sont \u00e9galement possibles. Pour en savoir plus, contactez nous via le formulaire ci-dessous.<\/p>\n\n\n\n<p>Votre cheval sera h\u00e9berg\u00e9 dans un paddock, de pr\u00e9f\u00e9rence en compagnie d&rsquo;autres \u00e9quid\u00e9s (sauf exceptions particuli\u00e8res). Il disposera d&rsquo;un abri, de foin sous filet et d&rsquo;une cloche, le tout dans une zone stabilis\u00e9e. Toutefois, il est possible d&rsquo;adapter les conditions d&rsquo;accueil. Par exemple, pour un cheval ayant tendance \u00e0 perdre du poids, le filet \u00e0 foin pourra \u00eatre retir\u00e9 afin de faciliter une meilleure ingestion du foin.<\/p>\n\n\n\n<p>\u00c0 noter qu&rsquo;une pension boxe est \u00e9galement possible bien que non conseill\u00e9 pour le bien \u00eatre du cheval.<\/p>\n\n\n\n<div class=\"wp-block-buttons is-content-justification-center is-layout-flex wp-container-core-buttons-is-layout-a89b3969 wp-block-buttons-is-layout-flex\">\n<div class=\"wp-block-button is-style-outline is-style-outline--1\"><a class=\"wp-block-button__link wp-element-button\" href=\"https:\/\/docs.google.com\/forms\/d\/e\/1FAIpQLSfetntr-SKP50dfEC5cbKGa-UPpg186Q_p0D3LDypLbbNK0Pw\/viewform\" style=\"border-radius:0px\" target=\"_blank\" rel=\"noreferrer noopener\">CONTACT<\/a><\/div>\n<\/div>\n\n\n\n<p><\/p>\n","protected":false},"excerpt":{"rendered":"<p>Que vous soyez cavalier amateur, d\u00e9butant, ou exp\u00e9riment\u00e9, jeune propri\u00e9taire et venant de toutes disciplines, vous pourriez peut-\u00eatre \u00eatre confront\u00e9 \u00e0 certaines probl\u00e9matiques avec votre cheval. En effet; votre cheval peut avoir besoin d&rsquo;une r\u00e9\u00e9ducation r\u00e9alis\u00e9 par un professionnel afin de vivre au mieux ) vos cot\u00e9s. Parfois, c&rsquo;est un cheval r\u00e9tif, pouvant, mordre, attaquer, &hellip; <\/p>\n<p class=\"link-more\"><a href=\"https:\/\/chevalserein.com\/index.php\/pension-reeducation\/\" class=\"more-link\">Lire la suite de<span class=\"screen-reader-text\">\u00ab\u00a0Pension r\u00e9\u00e9ducation\u00a0\u00bb<\/span><\/a><\/p>\n","protected":false},"author":2,"featured_media":0,"parent":0,"menu_order":0,"comment_status":"closed","ping_status":"closed","template":"","meta":{"inspiro_hide_title":false,"footnotes":""},"class_list":["post-164","page","type-page","status-publish","hentry"],"yoast_head":"<!-- This site is optimized with the Yoast SEO plugin v27.4 - https:\/\/yoast.com\/product\/yoast-seo-wordpress\/ -->\n<title>Pension r\u00e9\u00e9ducation - Cheval Serein - La Femme Chaussette<\/title>\n<meta name=\"description\" content=\"R\u00e9serv\u00e9 une pension r\u00e9\u00e9ducation pour votre cheval \u00e0 probl\u00e8me et observ\u00e9 la m\u00e9tamorphose de votre cheval en quelques s\u00e9ances.\" \/>\n<meta name=\"robots\" content=\"index, follow, max-snippet:-1, max-image-preview:large, max-video-preview:-1\" \/>\n<link rel=\"canonical\" href=\"https:\/\/chevalserein.com\/index.php\/pension-reeducation\/\" \/>\n<meta property=\"og:locale\" content=\"fr_FR\" \/>\n<meta property=\"og:type\" content=\"article\" \/>\n<meta property=\"og:title\" content=\"Pension r\u00e9\u00e9ducation - Cheval Serein - La Femme Chaussette\" \/>\n<meta property=\"og:description\" content=\"R\u00e9serv\u00e9 une pension r\u00e9\u00e9ducation pour votre cheval \u00e0 probl\u00e8me et observ\u00e9 la m\u00e9tamorphose de votre cheval en quelques s\u00e9ances.\" \/>\n<meta property=\"og:url\" content=\"https:\/\/chevalserein.com\/index.php\/pension-reeducation\/\" \/>\n<meta property=\"og:site_name\" content=\"Cheval Serein - La Femme Chaussette\" \/>\n<meta property=\"article:modified_time\" content=\"2025-06-20T08:41:42+00:00\" \/>\n<meta property=\"og:image\" content=\"https:\/\/chevalserein.com\/wp-content\/uploads\/2024\/01\/A-peur-Diego.png\" \/>\n<meta name=\"twitter:card\" content=\"summary_large_image\" \/>\n<meta name=\"twitter:label1\" content=\"Dur\u00e9e de lecture estim\u00e9e\" \/>\n\t<meta name=\"twitter:data1\" content=\"3 minutes\" \/>\n<script type=\"application\/ld+json\" class=\"yoast-schema-graph\">{\"@context\":\"https:\\\/\\\/schema.org\",\"@graph\":[{\"@type\":\"WebPage\",\"@id\":\"https:\\\/\\\/chevalserein.com\\\/index.php\\\/pension-reeducation\\\/\",\"url\":\"https:\\\/\\\/chevalserein.com\\\/index.php\\\/pension-reeducation\\\/\",\"name\":\"Pension r\u00e9\u00e9ducation - Cheval Serein - La Femme Chaussette\",\"isPartOf\":{\"@id\":\"https:\\\/\\\/chevalserein.com\\\/#website\"},\"primaryImageOfPage\":{\"@id\":\"https:\\\/\\\/chevalserein.com\\\/index.php\\\/pension-reeducation\\\/#primaryimage\"},\"image\":{\"@id\":\"https:\\\/\\\/chevalserein.com\\\/index.php\\\/pension-reeducation\\\/#primaryimage\"},\"thumbnailUrl\":\"https:\\\/\\\/chevalserein.com\\\/wp-content\\\/uploads\\\/2024\\\/01\\\/A-peur-Diego.png\",\"datePublished\":\"2024-01-04T22:27:54+00:00\",\"dateModified\":\"2025-06-20T08:41:42+00:00\",\"description\":\"R\u00e9serv\u00e9 une pension r\u00e9\u00e9ducation pour votre cheval \u00e0 probl\u00e8me et observ\u00e9 la m\u00e9tamorphose de votre cheval en quelques s\u00e9ances.\",\"breadcrumb\":{\"@id\":\"https:\\\/\\\/chevalserein.com\\\/index.php\\\/pension-reeducation\\\/#breadcrumb\"},\"inLanguage\":\"fr-FR\",\"potentialAction\":[{\"@type\":\"ReadAction\",\"target\":[\"https:\\\/\\\/chevalserein.com\\\/index.php\\\/pension-reeducation\\\/\"]}]},{\"@type\":\"ImageObject\",\"inLanguage\":\"fr-FR\",\"@id\":\"https:\\\/\\\/chevalserein.com\\\/index.php\\\/pension-reeducation\\\/#primaryimage\",\"url\":\"https:\\\/\\\/i0.wp.com\\\/chevalserein.com\\\/wp-content\\\/uploads\\\/2024\\\/01\\\/A-peur-Diego.png?fit=500%2C300&ssl=1\",\"contentUrl\":\"https:\\\/\\\/i0.wp.com\\\/chevalserein.com\\\/wp-content\\\/uploads\\\/2024\\\/01\\\/A-peur-Diego.png?fit=500%2C300&ssl=1\",\"width\":500,\"height\":300},{\"@type\":\"BreadcrumbList\",\"@id\":\"https:\\\/\\\/chevalserein.com\\\/index.php\\\/pension-reeducation\\\/#breadcrumb\",\"itemListElement\":[{\"@type\":\"ListItem\",\"position\":1,\"name\":\"Accueil\",\"item\":\"https:\\\/\\\/chevalserein.com\\\/\"},{\"@type\":\"ListItem\",\"position\":2,\"name\":\"Pension r\u00e9\u00e9ducation\"}]},{\"@type\":\"WebSite\",\"@id\":\"https:\\\/\\\/chevalserein.com\\\/#website\",\"url\":\"https:\\\/\\\/chevalserein.com\\\/\",\"name\":\"CHEVAL SEREIN\",\"description\":\"Concr\u00e9tisez votre r\u00eave \u00e9questre\",\"publisher\":{\"@id\":\"https:\\\/\\\/chevalserein.com\\\/#organization\"},\"potentialAction\":[{\"@type\":\"SearchAction\",\"target\":{\"@type\":\"EntryPoint\",\"urlTemplate\":\"https:\\\/\\\/chevalserein.com\\\/?s={search_term_string}\"},\"query-input\":{\"@type\":\"PropertyValueSpecification\",\"valueRequired\":true,\"valueName\":\"search_term_string\"}}],\"inLanguage\":\"fr-FR\"},{\"@type\":\"Organization\",\"@id\":\"https:\\\/\\\/chevalserein.com\\\/#organization\",\"name\":\"CHEVAL SEREIN\",\"url\":\"https:\\\/\\\/chevalserein.com\\\/\",\"logo\":{\"@type\":\"ImageObject\",\"inLanguage\":\"fr-FR\",\"@id\":\"https:\\\/\\\/chevalserein.com\\\/#\\\/schema\\\/logo\\\/image\\\/\",\"url\":\"https:\\\/\\\/chevalserein.com\\\/wp-content\\\/uploads\\\/2023\\\/12\\\/chevalserein-logo-sur-blanc_300.png\",\"contentUrl\":\"https:\\\/\\\/chevalserein.com\\\/wp-content\\\/uploads\\\/2023\\\/12\\\/chevalserein-logo-sur-blanc_300.png\",\"width\":300,\"height\":77,\"caption\":\"CHEVAL SEREIN\"},\"image\":{\"@id\":\"https:\\\/\\\/chevalserein.com\\\/#\\\/schema\\\/logo\\\/image\\\/\"}}]}<\/script>\n<!-- \/ Yoast SEO plugin. -->","yoast_head_json":{"title":"Pension r\u00e9\u00e9ducation - Cheval Serein - La Femme Chaussette","description":"R\u00e9serv\u00e9 une pension r\u00e9\u00e9ducation pour votre cheval \u00e0 probl\u00e8me et observ\u00e9 la m\u00e9tamorphose de votre cheval en quelques s\u00e9ances.","robots":{"index":"index","follow":"follow","max-snippet":"max-snippet:-1","max-image-preview":"max-image-preview:large","max-video-preview":"max-video-preview:-1"},"canonical":"https:\/\/chevalserein.com\/index.php\/pension-reeducation\/","og_locale":"fr_FR","og_type":"article","og_title":"Pension r\u00e9\u00e9ducation - Cheval Serein - La Femme Chaussette","og_description":"R\u00e9serv\u00e9 une pension r\u00e9\u00e9ducation pour votre cheval \u00e0 probl\u00e8me et observ\u00e9 la m\u00e9tamorphose de votre cheval en quelques s\u00e9ances.","og_url":"https:\/\/chevalserein.com\/index.php\/pension-reeducation\/","og_site_name":"Cheval Serein - La Femme Chaussette","article_modified_time":"2025-06-20T08:41:42+00:00","og_image":[{"url":"https:\/\/chevalserein.com\/wp-content\/uploads\/2024\/01\/A-peur-Diego.png","type":"","width":"","height":""}],"twitter_card":"summary_large_image","twitter_misc":{"Dur\u00e9e de lecture estim\u00e9e":"3 minutes"},"schema":{"@context":"https:\/\/schema.org","@graph":[{"@type":"WebPage","@id":"https:\/\/chevalserein.com\/index.php\/pension-reeducation\/","url":"https:\/\/chevalserein.com\/index.php\/pension-reeducation\/","name":"Pension r\u00e9\u00e9ducation - Cheval Serein - La Femme Chaussette","isPartOf":{"@id":"https:\/\/chevalserein.com\/#website"},"primaryImageOfPage":{"@id":"https:\/\/chevalserein.com\/index.php\/pension-reeducation\/#primaryimage"},"image":{"@id":"https:\/\/chevalserein.com\/index.php\/pension-reeducation\/#primaryimage"},"thumbnailUrl":"https:\/\/chevalserein.com\/wp-content\/uploads\/2024\/01\/A-peur-Diego.png","datePublished":"2024-01-04T22:27:54+00:00","dateModified":"2025-06-20T08:41:42+00:00","description":"R\u00e9serv\u00e9 une pension r\u00e9\u00e9ducation pour votre cheval \u00e0 probl\u00e8me et observ\u00e9 la m\u00e9tamorphose de votre cheval en quelques s\u00e9ances.","breadcrumb":{"@id":"https:\/\/chevalserein.com\/index.php\/pension-reeducation\/#breadcrumb"},"inLanguage":"fr-FR","potentialAction":[{"@type":"ReadAction","target":["https:\/\/chevalserein.com\/index.php\/pension-reeducation\/"]}]},{"@type":"ImageObject","inLanguage":"fr-FR","@id":"https:\/\/chevalserein.com\/index.php\/pension-reeducation\/#primaryimage","url":"https:\/\/i0.wp.com\/chevalserein.com\/wp-content\/uploads\/2024\/01\/A-peur-Diego.png?fit=500%2C300&ssl=1","contentUrl":"https:\/\/i0.wp.com\/chevalserein.com\/wp-content\/uploads\/2024\/01\/A-peur-Diego.png?fit=500%2C300&ssl=1","width":500,"height":300},{"@type":"BreadcrumbList","@id":"https:\/\/chevalserein.com\/index.php\/pension-reeducation\/#breadcrumb","itemListElement":[{"@type":"ListItem","position":1,"name":"Accueil","item":"https:\/\/chevalserein.com\/"},{"@type":"ListItem","position":2,"name":"Pension r\u00e9\u00e9ducation"}]},{"@type":"WebSite","@id":"https:\/\/chevalserein.com\/#website","url":"https:\/\/chevalserein.com\/","name":"CHEVAL SEREIN","description":"Concr\u00e9tisez votre r\u00eave \u00e9questre","publisher":{"@id":"https:\/\/chevalserein.com\/#organization"},"potentialAction":[{"@type":"SearchAction","target":{"@type":"EntryPoint","urlTemplate":"https:\/\/chevalserein.com\/?s={search_term_string}"},"query-input":{"@type":"PropertyValueSpecification","valueRequired":true,"valueName":"search_term_string"}}],"inLanguage":"fr-FR"},{"@type":"Organization","@id":"https:\/\/chevalserein.com\/#organization","name":"CHEVAL SEREIN","url":"https:\/\/chevalserein.com\/","logo":{"@type":"ImageObject","inLanguage":"fr-FR","@id":"https:\/\/chevalserein.com\/#\/schema\/logo\/image\/","url":"https:\/\/chevalserein.com\/wp-content\/uploads\/2023\/12\/chevalserein-logo-sur-blanc_300.png","contentUrl":"https:\/\/chevalserein.com\/wp-content\/uploads\/2023\/12\/chevalserein-logo-sur-blanc_300.png","width":300,"height":77,"caption":"CHEVAL SEREIN"},"image":{"@id":"https:\/\/chevalserein.com\/#\/schema\/logo\/image\/"}}]}},"jetpack_sharing_enabled":true,"_links":{"self":[{"href":"https:\/\/chevalserein.com\/index.php\/wp-json\/wp\/v2\/pages\/164","targetHints":{"allow":["GET"]}}],"collection":[{"href":"https:\/\/chevalserein.com\/index.php\/wp-json\/wp\/v2\/pages"}],"about":[{"href":"https:\/\/chevalserein.com\/index.php\/wp-json\/wp\/v2\/types\/page"}],"author":[{"embeddable":true,"href":"https:\/\/chevalserein.com\/index.php\/wp-json\/wp\/v2\/users\/2"}],"replies":[{"embeddable":true,"href":"https:\/\/chevalserein.com\/index.php\/wp-json\/wp\/v2\/comments?post=164"}],"version-history":[{"count":14,"href":"https:\/\/chevalserein.com\/index.php\/wp-json\/wp\/v2\/pages\/164\/revisions"}],"predecessor-version":[{"id":729,"href":"https:\/\/chevalserein.com\/index.php\/wp-json\/wp\/v2\/pages\/164\/revisions\/729"}],"wp:attachment":[{"href":"https:\/\/chevalserein.com\/index.php\/wp-json\/wp\/v2\/media?parent=164"}],"curies":[{"name":"wp","href":"https:\/\/api.w.org\/{rel}","templated":true}]}}