{"id":154,"date":"2024-01-04T22:56:44","date_gmt":"2024-01-04T21:56:44","guid":{"rendered":"https:\/\/chevalserein.com\/?page_id=154"},"modified":"2025-06-20T10:40:57","modified_gmt":"2025-06-20T08:40:57","slug":"pension-perfectionnement","status":"publish","type":"page","link":"https:\/\/chevalserein.com\/index.php\/pension-perfectionnement\/","title":{"rendered":"Pension perfectionnement"},"content":{"rendered":"\n<p>Votre cheval est d\u00e9bourr\u00e9, et vous aimeriez d\u00e9velopper son niveau dans une discipline donn\u00e9e telle que le travail \u00e0 pied, le travail mont\u00e9 en licol \/ cordelette, apprentissage de figure de spectacle ou sur du dressage. Mathilde travaille votre prot\u00e9g\u00e9 comme si il s&rsquo;agissait d&rsquo;un de ses chevaux. <\/p>\n\n\n\n<div class=\"wp-block-cover is-light\"><img data-recalc-dims=\"1\" loading=\"lazy\" decoding=\"async\" width=\"800\" height=\"500\" class=\"wp-block-cover__image-background wp-image-631\" alt=\"\" src=\"https:\/\/i0.wp.com\/chevalserein.com\/wp-content\/uploads\/2025\/01\/Portrait-sourire_.png?resize=800%2C500&#038;ssl=1\" data-object-fit=\"cover\" srcset=\"https:\/\/i0.wp.com\/chevalserein.com\/wp-content\/uploads\/2025\/01\/Portrait-sourire_.png?w=800&amp;ssl=1 800w, https:\/\/i0.wp.com\/chevalserein.com\/wp-content\/uploads\/2025\/01\/Portrait-sourire_.png?resize=300%2C188&amp;ssl=1 300w\" sizes=\"auto, (max-width: 800px) 100vw, 800px\" \/><span aria-hidden=\"true\" class=\"wp-block-cover__background has-background-dim\" style=\"background-color:#888470\"><\/span><div class=\"wp-block-cover__inner-container is-layout-flow wp-block-cover-is-layout-flow\">\n<p>Le programme de la pension pour votre cheval est \u00e9labor\u00e9 en tenant compte de ses besoins sp\u00e9cifiques, mais \u00e9galement de votre niveau d&rsquo;\u00e9quitation et de vos objectifs avec lui. Il est essentiel de bien comprendre vos aspirations afin de d\u00e9terminer ce qui est r\u00e9alisable (ou non).<\/p>\n<\/div><\/div>\n\n\n\n<h2 class=\"wp-block-heading\">Avant de confier votre prot\u00e9g\u00e9 \u00e0 Cheval Serein<\/h2>\n\n\n\n<p>Afin d&rsquo;assurer une pension la plus sereine que possible, il est essentiel de veiller \u00e0 ce que votre cheval soit jour de plusieurs rendez-vous v\u00e9t\u00e9rinaires. Cela inclut des visites r\u00e9guli\u00e8res chez le dentiste \u00e9quin, l&rsquo;ost\u00e9opathe, un bon parage (ou ferrage), ainsi que des vaccinations et des vermifuges \u00e0 jour.<\/p>\n\n\n\n<div class=\"wp-block-media-text has-media-on-the-right is-stacked-on-mobile\"><div class=\"wp-block-media-text__content\">\n<p><strong>\u00c0 titre d&rsquo;information :<\/strong><\/p>\n\n\n\n<ul class=\"wp-block-list\">\n<li>Le soin dentaire doit d\u00e9buter d\u00e8s l&rsquo;\u00e2ge de deux ans pour votre cheval. Si vous envisagez un d\u00e9bourrage avec l&rsquo;utilisation d&rsquo;un mors, il est imp\u00e9ratif de retirer les dents de loups au pr\u00e9alable.<\/li>\n<\/ul>\n\n\n\n<ul class=\"wp-block-list\">\n<li>La venue d&rsquo;un ost\u00e9opathe est toute aussi cruciale apr\u00e8s la visite du dentiste. Imaginez-vous pratiquer un sport avec des douleurs, surtout lorsque vous \u00eates en pleine croissance.<\/li>\n\n\n\n<li>N&rsquo;oublions pas l&rsquo;importance du parage ! Il doit \u00eatre effectu\u00e9 toutes les 5 \u00e0 8 semaines.<\/li>\n<\/ul>\n<\/div><figure class=\"wp-block-media-text__media\"><img data-recalc-dims=\"1\" loading=\"lazy\" decoding=\"async\" width=\"950\" height=\"634\" src=\"https:\/\/i0.wp.com\/chevalserein.com\/wp-content\/uploads\/2024\/01\/LBertheOrion-carriere-janvier-9465.jpg?resize=950%2C634&#038;ssl=1\" alt=\"\" class=\"wp-image-336 size-full\" srcset=\"https:\/\/i0.wp.com\/chevalserein.com\/wp-content\/uploads\/2024\/01\/LBertheOrion-carriere-janvier-9465-scaled.jpg?resize=1024%2C683&amp;ssl=1 1024w, https:\/\/i0.wp.com\/chevalserein.com\/wp-content\/uploads\/2024\/01\/LBertheOrion-carriere-janvier-9465-scaled.jpg?resize=300%2C200&amp;ssl=1 300w, https:\/\/i0.wp.com\/chevalserein.com\/wp-content\/uploads\/2024\/01\/LBertheOrion-carriere-janvier-9465-scaled.jpg?resize=2000%2C1335&amp;ssl=1 2000w, https:\/\/i0.wp.com\/chevalserein.com\/wp-content\/uploads\/2024\/01\/LBertheOrion-carriere-janvier-9465-scaled.jpg?w=1900&amp;ssl=1 1900w\" sizes=\"auto, (max-width: 950px) 100vw, 950px\" \/><\/figure><\/div>\n\n\n\n<h2 class=\"wp-block-heading\">Comment se d\u00e9roule une pension perfectionnement chez Cheval Serein ? <\/h2>\n\n\n\n<p>Lors de l&rsquo;arriv\u00e9e de votre cheval, un bilan est r\u00e9alis\u00e9 afin de voir le plan de travail du ce dernier. Il arrive parfois que le propri\u00e9taire n&rsquo;\u00e9value pas correctement les pistes de travail de son compagnon et ce bilan a pour mission de fixer les objectifs \u00e0 venir, mais aussi de voir les points forts, points \u00e0 travailler du cheval.<\/p>\n\n\n\n<h2 class=\"wp-block-heading\">Formules pension perfectionnement<\/h2>\n\n\n\n<p>Comme tous les services Cheval Serein, nous veillons \u00e0 apporter <strong>LA<\/strong> formule qui vous correspondra \u00e0 100 %. Cheval Serein c&rsquo;est une formule \u00e0 la carte pour toujours plus d&rsquo;adaptation. C&rsquo;est vous qui choisissez !<\/p>\n\n\n\n<p>Pension travail au mois \u00e0 partir de 710 \u20ac par mois hors options. Des pensions travail sur des courtes dur\u00e9es sont \u00e9galement possibles.  Pour en savoir plus, contactez nous via le formulaire ci-dessous.<\/p>\n\n\n\n<p>Votre cheval sera h\u00e9berg\u00e9 dans un paddock, de pr\u00e9f\u00e9rence en compagnie d&rsquo;autres \u00e9quid\u00e9s (sauf exceptions particuli\u00e8res). Il disposera d&rsquo;un abri, de foin sous filet et d&rsquo;une cloche, le tout dans une zone stabilis\u00e9e. Toutefois, il est possible d&rsquo;adapter les conditions d&rsquo;accueil. Par exemple, pour un cheval ayant tendance \u00e0 perdre du poids, le filet \u00e0 foin pourra \u00eatre retir\u00e9 afin de faciliter une meilleure ingestion du foin.<\/p>\n\n\n\n<p>\u00c0 noter qu&rsquo;une pension boxe perfectionnement est \u00e9galement possible bien que non conseill\u00e9 pour le bien \u00eatre du cheval.<\/p>\n\n\n\n<div class=\"wp-block-buttons is-content-justification-center is-layout-flex wp-container-core-buttons-is-layout-a89b3969 wp-block-buttons-is-layout-flex\">\n<div class=\"wp-block-button is-style-outline is-style-outline--1\"><a class=\"wp-block-button__link wp-element-button\" href=\"https:\/\/docs.google.com\/forms\/d\/e\/1FAIpQLSfetntr-SKP50dfEC5cbKGa-UPpg186Q_p0D3LDypLbbNK0Pw\/viewform\" style=\"border-radius:0px\" target=\"_blank\" rel=\"noreferrer noopener\">CONTACT<\/a><\/div>\n<\/div>\n\n\n\n<p><strong>Votre d\u00e9cision est prise ? Vous souhaitez confier votre prot\u00e9g\u00e9 \u00e0 Cheval Serein ? Remplissez le questionnaire suivant :<\/strong><\/p>\n\n\n\n<div class=\"wp-block-buttons is-content-justification-center is-layout-flex wp-container-core-buttons-is-layout-a89b3969 wp-block-buttons-is-layout-flex\">\n<div class=\"wp-block-button\"><a class=\"wp-block-button__link wp-element-button\" href=\"https:\/\/forms.gle\/c3SQe4dHa2GujQ7p8\">QUESTIONNAIRE<\/a><\/div>\n<\/div>\n\n\n\n<p><\/p>\n\n\n\n<p><\/p>\n","protected":false},"excerpt":{"rendered":"<p>Votre cheval est d\u00e9bourr\u00e9, et vous aimeriez d\u00e9velopper son niveau dans une discipline donn\u00e9e telle que le travail \u00e0 pied, le travail mont\u00e9 en licol \/ cordelette, apprentissage de figure de spectacle ou sur du dressage. Mathilde travaille votre prot\u00e9g\u00e9 comme si il s&rsquo;agissait d&rsquo;un de ses chevaux. Avant de confier votre prot\u00e9g\u00e9 \u00e0 Cheval &hellip; <\/p>\n<p class=\"link-more\"><a href=\"https:\/\/chevalserein.com\/index.php\/pension-perfectionnement\/\" class=\"more-link\">Lire la suite de<span class=\"screen-reader-text\">\u00ab\u00a0Pension perfectionnement\u00a0\u00bb<\/span><\/a><\/p>\n","protected":false},"author":2,"featured_media":0,"parent":0,"menu_order":0,"comment_status":"closed","ping_status":"closed","template":"","meta":{"inspiro_hide_title":false,"footnotes":""},"class_list":["post-154","page","type-page","status-publish","hentry"],"yoast_head":"<!-- This site is optimized with the Yoast SEO plugin v27.3 - https:\/\/yoast.com\/product\/yoast-seo-wordpress\/ -->\n<title>Pension perfectionnement - Cheval Serein - La Femme Chaussette<\/title>\n<meta name=\"description\" content=\"Cheval Serein re\u00e7oit votre cheval pour du perfectionnement; travail \u00e0 pied, mont\u00e9, ou dressage demandez des renseignements.\" \/>\n<meta name=\"robots\" content=\"index, follow, max-snippet:-1, max-image-preview:large, max-video-preview:-1\" \/>\n<link rel=\"canonical\" href=\"https:\/\/chevalserein.com\/index.php\/pension-perfectionnement\/\" \/>\n<meta property=\"og:locale\" content=\"fr_FR\" \/>\n<meta property=\"og:type\" content=\"article\" \/>\n<meta property=\"og:title\" content=\"Pension perfectionnement - Cheval Serein - La Femme Chaussette\" \/>\n<meta property=\"og:description\" content=\"Cheval Serein re\u00e7oit votre cheval pour du perfectionnement; travail \u00e0 pied, mont\u00e9, ou dressage demandez des renseignements.\" \/>\n<meta property=\"og:url\" content=\"https:\/\/chevalserein.com\/index.php\/pension-perfectionnement\/\" \/>\n<meta property=\"og:site_name\" content=\"Cheval Serein - La Femme Chaussette\" \/>\n<meta property=\"article:modified_time\" content=\"2025-06-20T08:40:57+00:00\" \/>\n<meta property=\"og:image\" content=\"https:\/\/chevalserein.com\/wp-content\/uploads\/2025\/01\/Portrait-sourire_.png\" \/>\n<meta name=\"twitter:card\" content=\"summary_large_image\" \/>\n<meta name=\"twitter:label1\" content=\"Dur\u00e9e de lecture estim\u00e9e\" \/>\n\t<meta name=\"twitter:data1\" content=\"3 minutes\" \/>\n<script type=\"application\/ld+json\" class=\"yoast-schema-graph\">{\"@context\":\"https:\\\/\\\/schema.org\",\"@graph\":[{\"@type\":\"WebPage\",\"@id\":\"https:\\\/\\\/chevalserein.com\\\/index.php\\\/pension-perfectionnement\\\/\",\"url\":\"https:\\\/\\\/chevalserein.com\\\/index.php\\\/pension-perfectionnement\\\/\",\"name\":\"Pension perfectionnement - Cheval Serein - La Femme Chaussette\",\"isPartOf\":{\"@id\":\"https:\\\/\\\/chevalserein.com\\\/#website\"},\"primaryImageOfPage\":{\"@id\":\"https:\\\/\\\/chevalserein.com\\\/index.php\\\/pension-perfectionnement\\\/#primaryimage\"},\"image\":{\"@id\":\"https:\\\/\\\/chevalserein.com\\\/index.php\\\/pension-perfectionnement\\\/#primaryimage\"},\"thumbnailUrl\":\"https:\\\/\\\/chevalserein.com\\\/wp-content\\\/uploads\\\/2025\\\/01\\\/Portrait-sourire_.png\",\"datePublished\":\"2024-01-04T21:56:44+00:00\",\"dateModified\":\"2025-06-20T08:40:57+00:00\",\"description\":\"Cheval Serein re\u00e7oit votre cheval pour du perfectionnement; travail \u00e0 pied, mont\u00e9, ou dressage demandez des renseignements.\",\"breadcrumb\":{\"@id\":\"https:\\\/\\\/chevalserein.com\\\/index.php\\\/pension-perfectionnement\\\/#breadcrumb\"},\"inLanguage\":\"fr-FR\",\"potentialAction\":[{\"@type\":\"ReadAction\",\"target\":[\"https:\\\/\\\/chevalserein.com\\\/index.php\\\/pension-perfectionnement\\\/\"]}]},{\"@type\":\"ImageObject\",\"inLanguage\":\"fr-FR\",\"@id\":\"https:\\\/\\\/chevalserein.com\\\/index.php\\\/pension-perfectionnement\\\/#primaryimage\",\"url\":\"https:\\\/\\\/i0.wp.com\\\/chevalserein.com\\\/wp-content\\\/uploads\\\/2025\\\/01\\\/Portrait-sourire_.png?fit=800%2C500&ssl=1\",\"contentUrl\":\"https:\\\/\\\/i0.wp.com\\\/chevalserein.com\\\/wp-content\\\/uploads\\\/2025\\\/01\\\/Portrait-sourire_.png?fit=800%2C500&ssl=1\",\"width\":800,\"height\":500},{\"@type\":\"BreadcrumbList\",\"@id\":\"https:\\\/\\\/chevalserein.com\\\/index.php\\\/pension-perfectionnement\\\/#breadcrumb\",\"itemListElement\":[{\"@type\":\"ListItem\",\"position\":1,\"name\":\"Accueil\",\"item\":\"https:\\\/\\\/chevalserein.com\\\/\"},{\"@type\":\"ListItem\",\"position\":2,\"name\":\"Pension perfectionnement\"}]},{\"@type\":\"WebSite\",\"@id\":\"https:\\\/\\\/chevalserein.com\\\/#website\",\"url\":\"https:\\\/\\\/chevalserein.com\\\/\",\"name\":\"CHEVAL SEREIN\",\"description\":\"Concr\u00e9tisez votre r\u00eave \u00e9questre\",\"publisher\":{\"@id\":\"https:\\\/\\\/chevalserein.com\\\/#organization\"},\"potentialAction\":[{\"@type\":\"SearchAction\",\"target\":{\"@type\":\"EntryPoint\",\"urlTemplate\":\"https:\\\/\\\/chevalserein.com\\\/?s={search_term_string}\"},\"query-input\":{\"@type\":\"PropertyValueSpecification\",\"valueRequired\":true,\"valueName\":\"search_term_string\"}}],\"inLanguage\":\"fr-FR\"},{\"@type\":\"Organization\",\"@id\":\"https:\\\/\\\/chevalserein.com\\\/#organization\",\"name\":\"CHEVAL SEREIN\",\"url\":\"https:\\\/\\\/chevalserein.com\\\/\",\"logo\":{\"@type\":\"ImageObject\",\"inLanguage\":\"fr-FR\",\"@id\":\"https:\\\/\\\/chevalserein.com\\\/#\\\/schema\\\/logo\\\/image\\\/\",\"url\":\"https:\\\/\\\/chevalserein.com\\\/wp-content\\\/uploads\\\/2023\\\/12\\\/chevalserein-logo-sur-blanc_300.png\",\"contentUrl\":\"https:\\\/\\\/chevalserein.com\\\/wp-content\\\/uploads\\\/2023\\\/12\\\/chevalserein-logo-sur-blanc_300.png\",\"width\":300,\"height\":77,\"caption\":\"CHEVAL SEREIN\"},\"image\":{\"@id\":\"https:\\\/\\\/chevalserein.com\\\/#\\\/schema\\\/logo\\\/image\\\/\"}}]}<\/script>\n<!-- \/ Yoast SEO plugin. -->","yoast_head_json":{"title":"Pension perfectionnement - Cheval Serein - La Femme Chaussette","description":"Cheval Serein re\u00e7oit votre cheval pour du perfectionnement; travail \u00e0 pied, mont\u00e9, ou dressage demandez des renseignements.","robots":{"index":"index","follow":"follow","max-snippet":"max-snippet:-1","max-image-preview":"max-image-preview:large","max-video-preview":"max-video-preview:-1"},"canonical":"https:\/\/chevalserein.com\/index.php\/pension-perfectionnement\/","og_locale":"fr_FR","og_type":"article","og_title":"Pension perfectionnement - Cheval Serein - La Femme Chaussette","og_description":"Cheval Serein re\u00e7oit votre cheval pour du perfectionnement; travail \u00e0 pied, mont\u00e9, ou dressage demandez des renseignements.","og_url":"https:\/\/chevalserein.com\/index.php\/pension-perfectionnement\/","og_site_name":"Cheval Serein - La Femme Chaussette","article_modified_time":"2025-06-20T08:40:57+00:00","og_image":[{"url":"https:\/\/chevalserein.com\/wp-content\/uploads\/2025\/01\/Portrait-sourire_.png","type":"","width":"","height":""}],"twitter_card":"summary_large_image","twitter_misc":{"Dur\u00e9e de lecture estim\u00e9e":"3 minutes"},"schema":{"@context":"https:\/\/schema.org","@graph":[{"@type":"WebPage","@id":"https:\/\/chevalserein.com\/index.php\/pension-perfectionnement\/","url":"https:\/\/chevalserein.com\/index.php\/pension-perfectionnement\/","name":"Pension perfectionnement - Cheval Serein - La Femme Chaussette","isPartOf":{"@id":"https:\/\/chevalserein.com\/#website"},"primaryImageOfPage":{"@id":"https:\/\/chevalserein.com\/index.php\/pension-perfectionnement\/#primaryimage"},"image":{"@id":"https:\/\/chevalserein.com\/index.php\/pension-perfectionnement\/#primaryimage"},"thumbnailUrl":"https:\/\/chevalserein.com\/wp-content\/uploads\/2025\/01\/Portrait-sourire_.png","datePublished":"2024-01-04T21:56:44+00:00","dateModified":"2025-06-20T08:40:57+00:00","description":"Cheval Serein re\u00e7oit votre cheval pour du perfectionnement; travail \u00e0 pied, mont\u00e9, ou dressage demandez des renseignements.","breadcrumb":{"@id":"https:\/\/chevalserein.com\/index.php\/pension-perfectionnement\/#breadcrumb"},"inLanguage":"fr-FR","potentialAction":[{"@type":"ReadAction","target":["https:\/\/chevalserein.com\/index.php\/pension-perfectionnement\/"]}]},{"@type":"ImageObject","inLanguage":"fr-FR","@id":"https:\/\/chevalserein.com\/index.php\/pension-perfectionnement\/#primaryimage","url":"https:\/\/i0.wp.com\/chevalserein.com\/wp-content\/uploads\/2025\/01\/Portrait-sourire_.png?fit=800%2C500&ssl=1","contentUrl":"https:\/\/i0.wp.com\/chevalserein.com\/wp-content\/uploads\/2025\/01\/Portrait-sourire_.png?fit=800%2C500&ssl=1","width":800,"height":500},{"@type":"BreadcrumbList","@id":"https:\/\/chevalserein.com\/index.php\/pension-perfectionnement\/#breadcrumb","itemListElement":[{"@type":"ListItem","position":1,"name":"Accueil","item":"https:\/\/chevalserein.com\/"},{"@type":"ListItem","position":2,"name":"Pension perfectionnement"}]},{"@type":"WebSite","@id":"https:\/\/chevalserein.com\/#website","url":"https:\/\/chevalserein.com\/","name":"CHEVAL SEREIN","description":"Concr\u00e9tisez votre r\u00eave \u00e9questre","publisher":{"@id":"https:\/\/chevalserein.com\/#organization"},"potentialAction":[{"@type":"SearchAction","target":{"@type":"EntryPoint","urlTemplate":"https:\/\/chevalserein.com\/?s={search_term_string}"},"query-input":{"@type":"PropertyValueSpecification","valueRequired":true,"valueName":"search_term_string"}}],"inLanguage":"fr-FR"},{"@type":"Organization","@id":"https:\/\/chevalserein.com\/#organization","name":"CHEVAL SEREIN","url":"https:\/\/chevalserein.com\/","logo":{"@type":"ImageObject","inLanguage":"fr-FR","@id":"https:\/\/chevalserein.com\/#\/schema\/logo\/image\/","url":"https:\/\/chevalserein.com\/wp-content\/uploads\/2023\/12\/chevalserein-logo-sur-blanc_300.png","contentUrl":"https:\/\/chevalserein.com\/wp-content\/uploads\/2023\/12\/chevalserein-logo-sur-blanc_300.png","width":300,"height":77,"caption":"CHEVAL SEREIN"},"image":{"@id":"https:\/\/chevalserein.com\/#\/schema\/logo\/image\/"}}]}},"jetpack_sharing_enabled":true,"_links":{"self":[{"href":"https:\/\/chevalserein.com\/index.php\/wp-json\/wp\/v2\/pages\/154","targetHints":{"allow":["GET"]}}],"collection":[{"href":"https:\/\/chevalserein.com\/index.php\/wp-json\/wp\/v2\/pages"}],"about":[{"href":"https:\/\/chevalserein.com\/index.php\/wp-json\/wp\/v2\/types\/page"}],"author":[{"embeddable":true,"href":"https:\/\/chevalserein.com\/index.php\/wp-json\/wp\/v2\/users\/2"}],"replies":[{"embeddable":true,"href":"https:\/\/chevalserein.com\/index.php\/wp-json\/wp\/v2\/comments?post=154"}],"version-history":[{"count":13,"href":"https:\/\/chevalserein.com\/index.php\/wp-json\/wp\/v2\/pages\/154\/revisions"}],"predecessor-version":[{"id":728,"href":"https:\/\/chevalserein.com\/index.php\/wp-json\/wp\/v2\/pages\/154\/revisions\/728"}],"wp:attachment":[{"href":"https:\/\/chevalserein.com\/index.php\/wp-json\/wp\/v2\/media?parent=154"}],"curies":[{"name":"wp","href":"https:\/\/api.w.org\/{rel}","templated":true}]}}