{"id":130,"date":"2024-01-03T00:21:11","date_gmt":"2024-01-02T23:21:11","guid":{"rendered":"https:\/\/chevalserein.com\/?page_id=130"},"modified":"2025-06-21T23:57:29","modified_gmt":"2025-06-21T21:57:29","slug":"pre-debourrage-debourrage","status":"publish","type":"page","link":"https:\/\/chevalserein.com\/index.php\/pre-debourrage-debourrage\/","title":{"rendered":"Pr\u00e9-d\u00e9bourrage &#038; d\u00e9bourrage"},"content":{"rendered":"\n<p>L&rsquo;\u00e9ducation du jeune cheval va conditionner tout le reste de la vie du cheval en devenir. Il est important d&rsquo;inculquer au jeune cheval de bonnes bases de confiance, de respect et de cadre afin d&rsquo;en faire un compagnon \u00e9panoui par la suite.<\/p>\n\n\n\n<div class=\"wp-block-columns is-layout-flex wp-container-core-columns-is-layout-28f84493 wp-block-columns-is-layout-flex\">\n<div class=\"wp-block-column is-layout-flow wp-block-column-is-layout-flow\" style=\"flex-basis:100%\">\n<div class=\"wp-block-media-text is-stacked-on-mobile\"><figure class=\"wp-block-media-text__media\"><img data-recalc-dims=\"1\" loading=\"lazy\" decoding=\"async\" width=\"800\" height=\"500\" src=\"https:\/\/i0.wp.com\/chevalserein.com\/wp-content\/uploads\/2025\/01\/Juju-dress_.png?resize=800%2C500&#038;ssl=1\" alt=\"\" class=\"wp-image-626 size-full\" srcset=\"https:\/\/i0.wp.com\/chevalserein.com\/wp-content\/uploads\/2025\/01\/Juju-dress_.png?w=800&amp;ssl=1 800w, https:\/\/i0.wp.com\/chevalserein.com\/wp-content\/uploads\/2025\/01\/Juju-dress_.png?resize=300%2C188&amp;ssl=1 300w\" sizes=\"auto, (max-width: 800px) 100vw, 800px\" \/><\/figure><div class=\"wp-block-media-text__content\">\n<p><strong>Les pensions pr\u00e9-d\u00e9bourrages<\/strong> peuvent concerner le cheval de ses 1 an \u00e0 ses 3 ans. Dans ce cadre, les gestes courants lui seront inculqu\u00e9s (pansage, donner les pieds, d\u00e9sensibilisations diverses, sortie en main, bases de respect mutuel, m\u00e9dical training, etc.).<\/p>\n\n\n\n<p><strong>Les pensions d\u00e9bourrages<\/strong> peuvent \u00eatre r\u00e9alis\u00e9es \u00e0 partir des 3 ans du cheval, bien que nous recommandions de le faire \u00e0 partir de 3 ans et demi\/4 ans. Le meilleur programme \u00e9tant de r\u00e9aliser un pr\u00e9-d\u00e9bourrage d&rsquo;un mois \u00e0 2,5 ans du cheval, puis un d\u00e9bourrage de deux \u00e0 trois mois plus tard (\u00e0 partir des 3 ans du cheval).<\/p>\n\n\n\n<p> La d\u00e9finition du d\u00e9bourrage sera \u00e0 d\u00e9finir ensemble en fonction du projet de vie du couple cavalier-cheval, du niveau du cavalier, du caract\u00e8re du cheval, des contraintes physiques du cheval, etc. La pension d\u00e9bourrage a une dur\u00e9e minimum de 2 mois mais peut prendre plus de temps suivant les param\u00e8tres indiqu\u00e9s ci-dessus. <\/p>\n<\/div><\/div>\n<\/div>\n<\/div>\n\n\n\n<p>Quel que soit votre projet, un cahier des charges sera rempli afin de ne pas avoir de surprises quand votre cheval rentre \u00e0 la maison et de bien \u00e9valuer vos attentes.<\/p>\n\n\n\n<h2 class=\"wp-block-heading\">Avant de confier votre prot\u00e9g\u00e9 \u00e0 Cheval Serein<\/h2>\n\n\n\n<p>Afin d&rsquo;assurer des d\u00e9buts harmonieux pour votre cheval, il est essentiel de veiller \u00e0 ce qu&rsquo;il b\u00e9n\u00e9ficie des soins n\u00e9cessaires. Cela inclut des visites r\u00e9guli\u00e8res chez le dentiste \u00e9quin, l&rsquo;ost\u00e9opathe, un bon parage (ou ferrage), ainsi que des vaccinations et des vermifuges \u00e0 jour.<\/p>\n\n\n\n<div class=\"wp-block-cover\"><img data-recalc-dims=\"1\" loading=\"lazy\" decoding=\"async\" width=\"800\" height=\"500\" class=\"wp-block-cover__image-background wp-image-628\" alt=\"\" src=\"https:\/\/i0.wp.com\/chevalserein.com\/wp-content\/uploads\/2025\/01\/Portrait-cheval-arabe.png?resize=800%2C500&#038;ssl=1\" data-object-fit=\"cover\" srcset=\"https:\/\/i0.wp.com\/chevalserein.com\/wp-content\/uploads\/2025\/01\/Portrait-cheval-arabe.png?w=800&amp;ssl=1 800w, https:\/\/i0.wp.com\/chevalserein.com\/wp-content\/uploads\/2025\/01\/Portrait-cheval-arabe.png?resize=300%2C188&amp;ssl=1 300w\" sizes=\"auto, (max-width: 800px) 100vw, 800px\" \/><span aria-hidden=\"true\" class=\"wp-block-cover__background has-background-dim\"><\/span><div class=\"wp-block-cover__inner-container is-layout-flow wp-block-cover-is-layout-flow\">\n<p><strong>\u00c0 titre d&rsquo;information et d&rsquo;obligation avant la pension :<\/strong><\/p>\n\n\n\n<ul class=\"wp-block-list\">\n<li>Le soin dentaire doit \u00eatre \u00e0 jour, il doit d\u00e9buter d\u00e8s l&rsquo;\u00e2ge de deux ans pour votre cheval. Si vous envisagez un d\u00e9bourrage avec l&rsquo;utilisation d&rsquo;un mors, il est imp\u00e9ratif de retirer les dents de loups au pr\u00e9alable.<\/li>\n\n\n\n<li>La venue d&rsquo;un ost\u00e9opathe est toute aussi cruciale apr\u00e8s la visite du dentiste. Imaginez-vous pratiquer un sport avec des douleurs, surtout lorsque vous \u00eates en pleine croissance.<\/li>\n\n\n\n<li>N&rsquo;oublions pas l&rsquo;importance du parage ! Il doit \u00eatre effectu\u00e9 toutes les 5 \u00e0 8 semaines.<\/li>\n<\/ul>\n<\/div><\/div>\n\n\n\n<h2 class=\"wp-block-heading\">Comment se d\u00e9roule une pension pr\u00e9-d\u00e9bourrage ou d\u00e9bourrage chez Cheval Serein ? <\/h2>\n\n\n\n<p>La liste d&rsquo;exercices n&rsquo;est pas exhaustive et surtout doit \u00eatre adapt\u00e9e \u00e0 chaque cheval, en fonction des objectifs d\u00e9finis en amont ensemble.<\/p>\n\n\n\n<p>Parcours type d&rsquo;un jeune cheval du pr\u00e9-d\u00e9bourrage jusqu&rsquo;\u00e0 l&rsquo;acceptation du cavalier en carri\u00e8re aux trois allures:<\/p>\n\n\n\n<ul class=\"wp-block-list\">\n<li>Apprentissage \u00e0 pied : donner les pieds, se laisser brosser partout, faire les soins de base, tenir \u00e0 l&rsquo;attache, se laisser doucher&#8230;<\/li>\n\n\n\n<li>Apprentissage en rond de longe ou carri\u00e8re : marcher en main, d\u00e9sensibilisations diverses (bruit, visuel, toucher&#8230;), c\u00e9der \u00e0 la pression en pouss\u00e9e ou aspiration, flexions \/ c\u00e9der \u00e0 la pression du licol vers le bas&#8230;<\/li>\n\n\n\n<li>Apprentissage aux longues r\u00eanes en licol (direction, mise en avant),<\/li>\n\n\n\n<li>Apprentissage du mors : premi\u00e8res actions de ce dernier,<\/li>\n\n\n\n<li>Venir se garer le long du montoir,<\/li>\n\n\n\n<li>Montoir,<\/li>\n\n\n\n<li>Apprentissage du surfaix, puis selle, puis selle avec \u00e9trier, puis selle avec mannequin, puis selle avec mannequin &amp; \u00e9triers.<\/li>\n\n\n\n<li>Travail mont\u00e9 aux trois allures.<\/li>\n<\/ul>\n\n\n\n<h2 class=\"wp-block-heading\">Formules pr\u00e9-d\u00e9bourrage &amp; d\u00e9bourrage<\/h2>\n\n\n\n<p>Comme tous les services Cheval Serein, nous veillons \u00e0 apporter LA formule qui vous correspondra \u00e0 100 %. Cheval Serein c&rsquo;est une formule \u00e0 la carte pour toujours plus d&rsquo;adaptation. C&rsquo;est vous qui choisissez ! <\/p>\n\n\n\n<p>Pension travail au mois \u00e0 partir de 710 \u20ac par mois hors options. Des pensions travail sur des courtes dur\u00e9es sont \u00e9galement possibles. Pour en savoir plus, contactez nous via le formulaire de contact.<\/p>\n\n\n\n<p>Votre cheval sera h\u00e9berg\u00e9 dans un paddock, de pr\u00e9f\u00e9rence en compagnie d&rsquo;autres \u00e9quid\u00e9s (sauf exceptions particuli\u00e8res). Il disposera d&rsquo;un abri, de foin sous filet et d&rsquo;une cloche, le tout dans une zone stabilis\u00e9e. Toutefois, il est possible d&rsquo;adapter les conditions d&rsquo;accueil. Par exemple, pour un cheval ayant tendance \u00e0 perdre du poids, le filet \u00e0 foin sera retir\u00e9.<\/p>\n\n\n\n<p>\u00c0 noter qu&rsquo;une pension boxe est \u00e9galement possible bien que non conseill\u00e9 pour le bien \u00eatre du cheval.<\/p>\n\n\n\n<p>Votre cheval sera h\u00e9berg\u00e9 dans un paddock, de pr\u00e9f\u00e9rence en compagnie d&rsquo;autres \u00e9quid\u00e9s (sauf exceptions particuli\u00e8res). Il disposera d&rsquo;un abri, de foin sous filet et d&rsquo;une cloche, le tout dans une zone stabilis\u00e9e. Toutefois, il est possible d&rsquo;adapter les conditions d&rsquo;accueil. Par exemple, pour un cheval ayant tendance \u00e0 perdre du poids, le filet \u00e0 foin pourra \u00eatre retir\u00e9 afin de faciliter une meilleure ingestion du foin.<\/p>\n\n\n\n<p>\u00c0 noter qu&rsquo;une pension boxe est \u00e9galement possible bien que non conseill\u00e9 pour le bien \u00eatre du cheval.<\/p>\n\n\n\n<div class=\"wp-block-buttons is-content-justification-center is-layout-flex wp-container-core-buttons-is-layout-a89b3969 wp-block-buttons-is-layout-flex\">\n<div class=\"wp-block-button is-style-outline is-style-outline--1\"><a class=\"wp-block-button__link wp-element-button\" href=\"https:\/\/docs.google.com\/forms\/d\/e\/1FAIpQLSfetntr-SKP50dfEC5cbKGa-UPpg186Q_p0D3LDypLbbNK0Pw\/viewform\" style=\"border-radius:0px\" target=\"_blank\" rel=\"noreferrer noopener\">CONTACT<\/a><\/div>\n<\/div>\n\n\n\n<p><\/p>\n\n\n\n<p>Votre d\u00e9cision est prise ? Vous souhaitez confier votre prot\u00e9g\u00e9 \u00e0 Cheval Serein ? Remplissez le questionnaire suivant : <\/p>\n\n\n\n<div class=\"wp-block-buttons is-content-justification-center is-layout-flex wp-container-core-buttons-is-layout-a89b3969 wp-block-buttons-is-layout-flex\">\n<div class=\"wp-block-button\"><a class=\"wp-block-button__link wp-element-button\" href=\"https:\/\/forms.gle\/c3SQe4dHa2GujQ7p8\">QUESTIONNAIRE<\/a><\/div>\n<\/div>\n\n\n\n<p><\/p>\n\n\n\n<p><\/p>\n","protected":false},"excerpt":{"rendered":"<p>L&rsquo;\u00e9ducation du jeune cheval va conditionner tout le reste de la vie du cheval en devenir. Il est important d&rsquo;inculquer au jeune cheval de bonnes bases de confiance, de respect et de cadre afin d&rsquo;en faire un compagnon \u00e9panoui par la suite. Les pensions pr\u00e9-d\u00e9bourrages peuvent concerner le cheval de ses 1 an \u00e0 ses &hellip; <\/p>\n<p class=\"link-more\"><a href=\"https:\/\/chevalserein.com\/index.php\/pre-debourrage-debourrage\/\" class=\"more-link\">Lire la suite de<span class=\"screen-reader-text\">\u00ab\u00a0Pr\u00e9-d\u00e9bourrage &#038; d\u00e9bourrage\u00a0\u00bb<\/span><\/a><\/p>\n","protected":false},"author":2,"featured_media":0,"parent":0,"menu_order":0,"comment_status":"closed","ping_status":"closed","template":"","meta":{"inspiro_hide_title":false,"footnotes":""},"class_list":["post-130","page","type-page","status-publish","hentry"],"yoast_head":"<!-- This site is optimized with the Yoast SEO plugin v27.4 - https:\/\/yoast.com\/product\/yoast-seo-wordpress\/ -->\n<title>Pr\u00e9-d\u00e9bourrage &amp; d\u00e9bourrage - Cheval Serein - La Femme Chaussette<\/title>\n<meta name=\"description\" content=\"Le d\u00e9bourrage de votre compagnon est une \u00e9tape importante. Les premiers moments sont importants pour lui: il ne faut pas le brusquer.\" \/>\n<meta name=\"robots\" content=\"index, follow, max-snippet:-1, max-image-preview:large, max-video-preview:-1\" \/>\n<link rel=\"canonical\" href=\"https:\/\/chevalserein.com\/index.php\/pre-debourrage-debourrage\/\" \/>\n<meta property=\"og:locale\" content=\"fr_FR\" \/>\n<meta property=\"og:type\" content=\"article\" \/>\n<meta property=\"og:title\" content=\"Pr\u00e9-d\u00e9bourrage &amp; d\u00e9bourrage - Cheval Serein - La Femme Chaussette\" \/>\n<meta property=\"og:description\" content=\"Le d\u00e9bourrage de votre compagnon est une \u00e9tape importante. Les premiers moments sont importants pour lui: il ne faut pas le brusquer.\" \/>\n<meta property=\"og:url\" content=\"https:\/\/chevalserein.com\/index.php\/pre-debourrage-debourrage\/\" \/>\n<meta property=\"og:site_name\" content=\"Cheval Serein - La Femme Chaussette\" \/>\n<meta property=\"article:modified_time\" content=\"2025-06-21T21:57:29+00:00\" \/>\n<meta property=\"og:image\" content=\"https:\/\/chevalserein.com\/wp-content\/uploads\/2025\/01\/Juju-dress_.png\" \/>\n<meta name=\"twitter:card\" content=\"summary_large_image\" \/>\n<meta name=\"twitter:label1\" content=\"Dur\u00e9e de lecture estim\u00e9e\" \/>\n\t<meta name=\"twitter:data1\" content=\"5 minutes\" \/>\n<script type=\"application\/ld+json\" class=\"yoast-schema-graph\">{\"@context\":\"https:\\\/\\\/schema.org\",\"@graph\":[{\"@type\":\"WebPage\",\"@id\":\"https:\\\/\\\/chevalserein.com\\\/index.php\\\/pre-debourrage-debourrage\\\/\",\"url\":\"https:\\\/\\\/chevalserein.com\\\/index.php\\\/pre-debourrage-debourrage\\\/\",\"name\":\"Pr\u00e9-d\u00e9bourrage & d\u00e9bourrage - Cheval Serein - La Femme Chaussette\",\"isPartOf\":{\"@id\":\"https:\\\/\\\/chevalserein.com\\\/#website\"},\"primaryImageOfPage\":{\"@id\":\"https:\\\/\\\/chevalserein.com\\\/index.php\\\/pre-debourrage-debourrage\\\/#primaryimage\"},\"image\":{\"@id\":\"https:\\\/\\\/chevalserein.com\\\/index.php\\\/pre-debourrage-debourrage\\\/#primaryimage\"},\"thumbnailUrl\":\"https:\\\/\\\/chevalserein.com\\\/wp-content\\\/uploads\\\/2025\\\/01\\\/Juju-dress_.png\",\"datePublished\":\"2024-01-02T23:21:11+00:00\",\"dateModified\":\"2025-06-21T21:57:29+00:00\",\"description\":\"Le d\u00e9bourrage de votre compagnon est une \u00e9tape importante. Les premiers moments sont importants pour lui: il ne faut pas le brusquer.\",\"breadcrumb\":{\"@id\":\"https:\\\/\\\/chevalserein.com\\\/index.php\\\/pre-debourrage-debourrage\\\/#breadcrumb\"},\"inLanguage\":\"fr-FR\",\"potentialAction\":[{\"@type\":\"ReadAction\",\"target\":[\"https:\\\/\\\/chevalserein.com\\\/index.php\\\/pre-debourrage-debourrage\\\/\"]}]},{\"@type\":\"ImageObject\",\"inLanguage\":\"fr-FR\",\"@id\":\"https:\\\/\\\/chevalserein.com\\\/index.php\\\/pre-debourrage-debourrage\\\/#primaryimage\",\"url\":\"https:\\\/\\\/i0.wp.com\\\/chevalserein.com\\\/wp-content\\\/uploads\\\/2025\\\/01\\\/Juju-dress_.png?fit=800%2C500&ssl=1\",\"contentUrl\":\"https:\\\/\\\/i0.wp.com\\\/chevalserein.com\\\/wp-content\\\/uploads\\\/2025\\\/01\\\/Juju-dress_.png?fit=800%2C500&ssl=1\",\"width\":800,\"height\":500},{\"@type\":\"BreadcrumbList\",\"@id\":\"https:\\\/\\\/chevalserein.com\\\/index.php\\\/pre-debourrage-debourrage\\\/#breadcrumb\",\"itemListElement\":[{\"@type\":\"ListItem\",\"position\":1,\"name\":\"Accueil\",\"item\":\"https:\\\/\\\/chevalserein.com\\\/\"},{\"@type\":\"ListItem\",\"position\":2,\"name\":\"Pr\u00e9-d\u00e9bourrage &#038; d\u00e9bourrage\"}]},{\"@type\":\"WebSite\",\"@id\":\"https:\\\/\\\/chevalserein.com\\\/#website\",\"url\":\"https:\\\/\\\/chevalserein.com\\\/\",\"name\":\"CHEVAL SEREIN\",\"description\":\"Concr\u00e9tisez votre r\u00eave \u00e9questre\",\"publisher\":{\"@id\":\"https:\\\/\\\/chevalserein.com\\\/#organization\"},\"potentialAction\":[{\"@type\":\"SearchAction\",\"target\":{\"@type\":\"EntryPoint\",\"urlTemplate\":\"https:\\\/\\\/chevalserein.com\\\/?s={search_term_string}\"},\"query-input\":{\"@type\":\"PropertyValueSpecification\",\"valueRequired\":true,\"valueName\":\"search_term_string\"}}],\"inLanguage\":\"fr-FR\"},{\"@type\":\"Organization\",\"@id\":\"https:\\\/\\\/chevalserein.com\\\/#organization\",\"name\":\"CHEVAL SEREIN\",\"url\":\"https:\\\/\\\/chevalserein.com\\\/\",\"logo\":{\"@type\":\"ImageObject\",\"inLanguage\":\"fr-FR\",\"@id\":\"https:\\\/\\\/chevalserein.com\\\/#\\\/schema\\\/logo\\\/image\\\/\",\"url\":\"https:\\\/\\\/chevalserein.com\\\/wp-content\\\/uploads\\\/2023\\\/12\\\/chevalserein-logo-sur-blanc_300.png\",\"contentUrl\":\"https:\\\/\\\/chevalserein.com\\\/wp-content\\\/uploads\\\/2023\\\/12\\\/chevalserein-logo-sur-blanc_300.png\",\"width\":300,\"height\":77,\"caption\":\"CHEVAL SEREIN\"},\"image\":{\"@id\":\"https:\\\/\\\/chevalserein.com\\\/#\\\/schema\\\/logo\\\/image\\\/\"}}]}<\/script>\n<!-- \/ Yoast SEO plugin. -->","yoast_head_json":{"title":"Pr\u00e9-d\u00e9bourrage & d\u00e9bourrage - Cheval Serein - La Femme Chaussette","description":"Le d\u00e9bourrage de votre compagnon est une \u00e9tape importante. Les premiers moments sont importants pour lui: il ne faut pas le brusquer.","robots":{"index":"index","follow":"follow","max-snippet":"max-snippet:-1","max-image-preview":"max-image-preview:large","max-video-preview":"max-video-preview:-1"},"canonical":"https:\/\/chevalserein.com\/index.php\/pre-debourrage-debourrage\/","og_locale":"fr_FR","og_type":"article","og_title":"Pr\u00e9-d\u00e9bourrage & d\u00e9bourrage - Cheval Serein - La Femme Chaussette","og_description":"Le d\u00e9bourrage de votre compagnon est une \u00e9tape importante. Les premiers moments sont importants pour lui: il ne faut pas le brusquer.","og_url":"https:\/\/chevalserein.com\/index.php\/pre-debourrage-debourrage\/","og_site_name":"Cheval Serein - La Femme Chaussette","article_modified_time":"2025-06-21T21:57:29+00:00","og_image":[{"url":"https:\/\/chevalserein.com\/wp-content\/uploads\/2025\/01\/Juju-dress_.png","type":"","width":"","height":""}],"twitter_card":"summary_large_image","twitter_misc":{"Dur\u00e9e de lecture estim\u00e9e":"5 minutes"},"schema":{"@context":"https:\/\/schema.org","@graph":[{"@type":"WebPage","@id":"https:\/\/chevalserein.com\/index.php\/pre-debourrage-debourrage\/","url":"https:\/\/chevalserein.com\/index.php\/pre-debourrage-debourrage\/","name":"Pr\u00e9-d\u00e9bourrage & d\u00e9bourrage - Cheval Serein - La Femme Chaussette","isPartOf":{"@id":"https:\/\/chevalserein.com\/#website"},"primaryImageOfPage":{"@id":"https:\/\/chevalserein.com\/index.php\/pre-debourrage-debourrage\/#primaryimage"},"image":{"@id":"https:\/\/chevalserein.com\/index.php\/pre-debourrage-debourrage\/#primaryimage"},"thumbnailUrl":"https:\/\/chevalserein.com\/wp-content\/uploads\/2025\/01\/Juju-dress_.png","datePublished":"2024-01-02T23:21:11+00:00","dateModified":"2025-06-21T21:57:29+00:00","description":"Le d\u00e9bourrage de votre compagnon est une \u00e9tape importante. Les premiers moments sont importants pour lui: il ne faut pas le brusquer.","breadcrumb":{"@id":"https:\/\/chevalserein.com\/index.php\/pre-debourrage-debourrage\/#breadcrumb"},"inLanguage":"fr-FR","potentialAction":[{"@type":"ReadAction","target":["https:\/\/chevalserein.com\/index.php\/pre-debourrage-debourrage\/"]}]},{"@type":"ImageObject","inLanguage":"fr-FR","@id":"https:\/\/chevalserein.com\/index.php\/pre-debourrage-debourrage\/#primaryimage","url":"https:\/\/i0.wp.com\/chevalserein.com\/wp-content\/uploads\/2025\/01\/Juju-dress_.png?fit=800%2C500&ssl=1","contentUrl":"https:\/\/i0.wp.com\/chevalserein.com\/wp-content\/uploads\/2025\/01\/Juju-dress_.png?fit=800%2C500&ssl=1","width":800,"height":500},{"@type":"BreadcrumbList","@id":"https:\/\/chevalserein.com\/index.php\/pre-debourrage-debourrage\/#breadcrumb","itemListElement":[{"@type":"ListItem","position":1,"name":"Accueil","item":"https:\/\/chevalserein.com\/"},{"@type":"ListItem","position":2,"name":"Pr\u00e9-d\u00e9bourrage &#038; d\u00e9bourrage"}]},{"@type":"WebSite","@id":"https:\/\/chevalserein.com\/#website","url":"https:\/\/chevalserein.com\/","name":"CHEVAL SEREIN","description":"Concr\u00e9tisez votre r\u00eave \u00e9questre","publisher":{"@id":"https:\/\/chevalserein.com\/#organization"},"potentialAction":[{"@type":"SearchAction","target":{"@type":"EntryPoint","urlTemplate":"https:\/\/chevalserein.com\/?s={search_term_string}"},"query-input":{"@type":"PropertyValueSpecification","valueRequired":true,"valueName":"search_term_string"}}],"inLanguage":"fr-FR"},{"@type":"Organization","@id":"https:\/\/chevalserein.com\/#organization","name":"CHEVAL SEREIN","url":"https:\/\/chevalserein.com\/","logo":{"@type":"ImageObject","inLanguage":"fr-FR","@id":"https:\/\/chevalserein.com\/#\/schema\/logo\/image\/","url":"https:\/\/chevalserein.com\/wp-content\/uploads\/2023\/12\/chevalserein-logo-sur-blanc_300.png","contentUrl":"https:\/\/chevalserein.com\/wp-content\/uploads\/2023\/12\/chevalserein-logo-sur-blanc_300.png","width":300,"height":77,"caption":"CHEVAL SEREIN"},"image":{"@id":"https:\/\/chevalserein.com\/#\/schema\/logo\/image\/"}}]}},"jetpack_sharing_enabled":true,"_links":{"self":[{"href":"https:\/\/chevalserein.com\/index.php\/wp-json\/wp\/v2\/pages\/130","targetHints":{"allow":["GET"]}}],"collection":[{"href":"https:\/\/chevalserein.com\/index.php\/wp-json\/wp\/v2\/pages"}],"about":[{"href":"https:\/\/chevalserein.com\/index.php\/wp-json\/wp\/v2\/types\/page"}],"author":[{"embeddable":true,"href":"https:\/\/chevalserein.com\/index.php\/wp-json\/wp\/v2\/users\/2"}],"replies":[{"embeddable":true,"href":"https:\/\/chevalserein.com\/index.php\/wp-json\/wp\/v2\/comments?post=130"}],"version-history":[{"count":28,"href":"https:\/\/chevalserein.com\/index.php\/wp-json\/wp\/v2\/pages\/130\/revisions"}],"predecessor-version":[{"id":727,"href":"https:\/\/chevalserein.com\/index.php\/wp-json\/wp\/v2\/pages\/130\/revisions\/727"}],"wp:attachment":[{"href":"https:\/\/chevalserein.com\/index.php\/wp-json\/wp\/v2\/media?parent=130"}],"curies":[{"name":"wp","href":"https:\/\/api.w.org\/{rel}","templated":true}]}}